{"id":14122,"date":"2022-05-30T14:52:50","date_gmt":"2022-05-30T12:52:50","guid":{"rendered":"https:\/\/hubertus-kompanie-zons.de\/?page_id=14122"},"modified":"2023-07-03T12:52:35","modified_gmt":"2023-07-03T10:52:35","slug":"bilder-schuetenfest-2022","status":"publish","type":"page","link":"https:\/\/hubertus-kompanie-zons.de\/?page_id=14122","title":{"rendered":"Bilder Sch\u00fctzenfest 2022"},"content":{"rendered":"<p style=\"text-align: center;\">Sch\u00fctzenfest 2022 Dienstag<\/p>\nngg_shortcode_0_placeholder\n<p style=\"text-align: center;\">Sch\u00fctzenfest 2022 Montag<\/p>\nngg_shortcode_1_placeholder\n<p style=\"text-align: center;\">Sch\u00fctzenfest 2022 Sonnstag<\/p>\nngg_shortcode_2_placeholder\n<p style=\"text-align: center;\">Sch\u00fctzenfest 2022 Samstag<\/p>\n<p>ngg_shortcode_3_placeholder<!--nextpage--><\/p>\n<p style=\"text-align: center;\">Sch\u00fctzenfest 2022 Freitag<\/p>\nngg_shortcode_4_placeholder\n<p style=\"text-align: center;\">Residenz Aufbau 2022<\/p>\nngg_shortcode_5_placeholder\n<p style=\"text-align: center;\">Obertsehren Abend 2022<\/p>\nngg_shortcode_6_placeholder\n<p style=\"text-align: center;\">Umzug Horrem<\/p>\nngg_shortcode_7_placeholder\n<p style=\"text-align: center;\">&nbsp;<\/p>\n","protected":false},"excerpt":{"rendered":"<p>Sch\u00fctzenfest 2022 Dienstag Sch\u00fctzenfest 2022 Montag Sch\u00fctzenfest 2022 Sonnstag Sch\u00fctzenfest 2022 Samstag<\/p>\n","protected":false},"author":1,"featured_media":0,"parent":8311,"menu_order":24,"comment_status":"closed","ping_status":"closed","template":"","meta":{"ngg_post_thumbnail":0,"footnotes":""},"class_list":["post-14122","page","type-page","status-publish","hentry"],"_links":{"self":[{"href":"https:\/\/hubertus-kompanie-zons.de\/index.php?rest_route=\/wp\/v2\/pages\/14122","targetHints":{"allow":["GET"]}}],"collection":[{"href":"https:\/\/hubertus-kompanie-zons.de\/index.php?rest_route=\/wp\/v2\/pages"}],"about":[{"href":"https:\/\/hubertus-kompanie-zons.de\/index.php?rest_route=\/wp\/v2\/types\/page"}],"author":[{"embeddable":true,"href":"https:\/\/hubertus-kompanie-zons.de\/index.php?rest_route=\/wp\/v2\/users\/1"}],"replies":[{"embeddable":true,"href":"https:\/\/hubertus-kompanie-zons.de\/index.php?rest_route=%2Fwp%2Fv2%2Fcomments&post=14122"}],"version-history":[{"count":42,"href":"https:\/\/hubertus-kompanie-zons.de\/index.php?rest_route=\/wp\/v2\/pages\/14122\/revisions"}],"predecessor-version":[{"id":15191,"href":"https:\/\/hubertus-kompanie-zons.de\/index.php?rest_route=\/wp\/v2\/pages\/14122\/revisions\/15191"}],"up":[{"embeddable":true,"href":"https:\/\/hubertus-kompanie-zons.de\/index.php?rest_route=\/wp\/v2\/pages\/8311"}],"wp:attachment":[{"href":"https:\/\/hubertus-kompanie-zons.de\/index.php?rest_route=%2Fwp%2Fv2%2Fmedia&parent=14122"}],"curies":[{"name":"wp","href":"https:\/\/api.w.org\/{rel}","templated":true}]}}