{"id":16352,"date":"2024-07-24T18:44:27","date_gmt":"2024-07-24T16:44:27","guid":{"rendered":"https:\/\/hubertus-kompanie-zons.de\/?page_id=16352"},"modified":"2025-07-30T12:47:11","modified_gmt":"2025-07-30T10:47:11","slug":"bilder-schuetzenfest-2024","status":"publish","type":"page","link":"https:\/\/hubertus-kompanie-zons.de\/?page_id=16352","title":{"rendered":"Bilder Sch\u00fctzenfest 2024"},"content":{"rendered":"<p style=\"text-align: center;\"><span style=\"font-size: 14px;\"><span style=\"font-size: 16px;\">Sch\u00fctzenfest 2024 Freitag<\/span><br \/>\n<\/span><\/p>\nngg_shortcode_0_placeholder\n<p style=\"text-align: center;\">Sch\u00fctzenfest 2024 Samstag<\/p>\nngg_shortcode_1_placeholder\n<p style=\"text-align: center;\"><span style=\"font-size: 14px;\">Sch\u00fctzenfest 2024 Sonntag<\/span><\/p>\nngg_shortcode_2_placeholder\n<p style=\"text-align: center;\"><span style=\"font-size: 14px;\">Sch\u00fctzenfest 2024 Montag<br \/>\n<\/span><\/p>\nngg_shortcode_3_placeholder\n<p style=\"text-align: center;\"><span style=\"font-size: 14px;\">Sch\u00fctzenfest 2024 Dienstag<br \/>\n<\/span><\/p>\nngg_shortcode_4_placeholder\n","protected":false},"excerpt":{"rendered":"<p>Sch\u00fctzenfest 2024 Freitag Sch\u00fctzenfest 2024 Samstag Sch\u00fctzenfest 2024 Sonntag Sch\u00fctzenfest 2024 Montag Sch\u00fctzenfest 2024 Dienstag &nbsp;<\/p>\n","protected":false},"author":1,"featured_media":0,"parent":8311,"menu_order":22,"comment_status":"closed","ping_status":"closed","template":"","meta":{"ngg_post_thumbnail":0,"footnotes":""},"class_list":["post-16352","page","type-page","status-publish","hentry"],"_links":{"self":[{"href":"https:\/\/hubertus-kompanie-zons.de\/index.php?rest_route=\/wp\/v2\/pages\/16352","targetHints":{"allow":["GET"]}}],"collection":[{"href":"https:\/\/hubertus-kompanie-zons.de\/index.php?rest_route=\/wp\/v2\/pages"}],"about":[{"href":"https:\/\/hubertus-kompanie-zons.de\/index.php?rest_route=\/wp\/v2\/types\/page"}],"author":[{"embeddable":true,"href":"https:\/\/hubertus-kompanie-zons.de\/index.php?rest_route=\/wp\/v2\/users\/1"}],"replies":[{"embeddable":true,"href":"https:\/\/hubertus-kompanie-zons.de\/index.php?rest_route=%2Fwp%2Fv2%2Fcomments&post=16352"}],"version-history":[{"count":16,"href":"https:\/\/hubertus-kompanie-zons.de\/index.php?rest_route=\/wp\/v2\/pages\/16352\/revisions"}],"predecessor-version":[{"id":16768,"href":"https:\/\/hubertus-kompanie-zons.de\/index.php?rest_route=\/wp\/v2\/pages\/16352\/revisions\/16768"}],"up":[{"embeddable":true,"href":"https:\/\/hubertus-kompanie-zons.de\/index.php?rest_route=\/wp\/v2\/pages\/8311"}],"wp:attachment":[{"href":"https:\/\/hubertus-kompanie-zons.de\/index.php?rest_route=%2Fwp%2Fv2%2Fmedia&parent=16352"}],"curies":[{"name":"wp","href":"https:\/\/api.w.org\/{rel}","templated":true}]}}