{"id":17065,"date":"2026-02-09T14:44:05","date_gmt":"2026-02-09T13:44:05","guid":{"rendered":"https:\/\/hubertus-kompanie-zons.de\/?page_id=17065"},"modified":"2026-05-07T14:07:27","modified_gmt":"2026-05-07T12:07:27","slug":"chronik-2026-bis-heute","status":"publish","type":"page","link":"https:\/\/hubertus-kompanie-zons.de\/?page_id=17065","title":{"rendered":"Chronik 2026 &#8211; bis Heute"},"content":{"rendered":"<p style=\"text-align: center;\"><a href=\"hubertus-kompanie-zons.de\/wp-content\/uploads\/2026\/02\/Chronik%202026%20bis%20Heute.pdf\"><img loading=\"lazy\" decoding=\"async\" class=\"aligncenter size-large wp-image-14870\" src=\"https:\/\/hubertus-kompanie-zons.de\/wp-content\/uploads\/2022\/08\/Homepage-2022-1024x637.jpg\" alt=\"\" width=\"474\" height=\"295\" srcset=\"https:\/\/hubertus-kompanie-zons.de\/wp-content\/uploads\/2022\/08\/Homepage-2022-1024x637.jpg 1024w, https:\/\/hubertus-kompanie-zons.de\/wp-content\/uploads\/2022\/08\/Homepage-2022-300x187.jpg 300w, https:\/\/hubertus-kompanie-zons.de\/wp-content\/uploads\/2022\/08\/Homepage-2022-768x478.jpg 768w, https:\/\/hubertus-kompanie-zons.de\/wp-content\/uploads\/2022\/08\/Homepage-2022-1536x955.jpg 1536w, https:\/\/hubertus-kompanie-zons.de\/wp-content\/uploads\/2022\/08\/Homepage-2022-2048x1274.jpg 2048w\" sizes=\"auto, (max-width: 474px) 100vw, 474px\" \/>Chronik als PDF<\/a><\/p>\n<p style=\"text-align: center;\"><strong>Chronik 2026 &#8211; bis Heute<\/strong><\/p>\n<p style=\"text-align: center;\"><span style=\"font-size: 16px;\"><strong>Am 06.02.2026 fand unsere erste Versammlung im Eckchen statt, dort wurde unser 2. Vorsitzender Michael Georg f\u00fcr weitere 4 Jahre einstimmig wiedergew\u00e4hlt. Nachdem Ralf das Amt seit circa 20 Jahren inne hat w\u00fcrde er gerne Platz machen um sich hier neu aufzustellen \u2013 es schwebt ihm vor das Amt nach dem n\u00e4chsten Sch\u00fctzenfest abzugeben und die Zeit der \u00dcbergabe zu begleiten.<\/strong><\/span><\/p>\n<p style=\"text-align: center;\"><span style=\"font-size: 16px;\"><strong>Am 07.03.02026 feierte unser Zugk\u00f6nig Ralf Annas mit seiner K\u00f6nigin Conny seinen K\u00f6nigsabend. Wir wurden sehr gut an diesem Abend versorgt. Es war ein sehr sch\u00f6ner Abend mit dem K\u00f6nigspaar.<\/strong><\/span><\/p>\n<p><img loading=\"lazy\" decoding=\"async\" class=\"aligncenter\" src=\"https:\/\/hubertus-kompanie-zons.de\/wp-content\/uploads\/2026\/03\/20260307_193719-scaled.jpg\" alt=\"\" width=\"197\" height=\"411\"\/><\/p>\n<p style=\"text-align: center;\"><strong>Das allj\u00e4hrliche Ostereierschie\u00dfen fand, wie gewohnt, am Karfreitag, 03.04.2026 statt. Den dritten Platz konnte sich Willi Rabus sichern. In einem spannenden Stechen konnte Robin Libertus den Titel nicht verteidigen und belegte den zweiten Platz. Der erste Platz ging somit an Thomas Clemens.<br \/>\nVielen Dank auch an den Schie\u00dfleiter Marcus Fugmann.<\/strong><\/p>\n<p><a href=\"https:\/\/hubertus-kompanie-zons.de\/wp-content\/uploads\/2026\/04\/2026_Osterschiessen_Sieger.jpeg\" target=\"_blank\" rel=\"noopener\"><img loading=\"lazy\" decoding=\"async\" class=\"aligncenter\" src=\"https:\/\/hubertus-kompanie-zons.de\/wp-content\/uploads\/2026\/04\/2026_Osterschiessen_Sieger.jpeg\" alt=\"\" width=\"2000\" height=\"934\"\/><\/a><\/p>\n<p style=\"text-align: center;\"><strong>Bei strahlendem Sonnenschein fand am Samstag, dem 25.04.2026, das Abteilungsschie\u00dfen der ersten Abteilung statt. Insgesamt folgten 31 Sch\u00fctzen der Einladung des Abteilungsleiters Marcus Fugmann.Wie bereits im Vorjahr startete das Schie\u00dfen mit dem Wettbewerb um den Abteilungspokal. Dieser ging mit dem 97. Schuss an Marcus Fugmann. Heinz-Wilhelm Rosellen aus der Hubertuskompanie sicherte sich den Kopf, ebenso wie Patrick Hutz, ebenfalls Hubertuskompanie, den rechten Fl\u00fcgel. Den linken Fl\u00fcgel schoss Pascal W\u00fcster von Treu Zons ab, w\u00e4hrend Bj\u00f6rn Teschner von den Sappeuren den Schweif errang.Danach folgte das spannende Schie\u00dfen um den Rumpf. Mit dem 96. Schuss errang Robin Libertus von der Hubertuskompanie die K\u00f6nigsw\u00fcrde.F\u00fcr das leibliche Wohl sorgte w\u00e4hrend des Schie\u00dfens der Hubertuszug &#8222;Treu Zons&#8220;. Nach der anschlie\u00dfenden Siegerehrung wurde noch gemeinsam gefeiert und der gelungene Tag in geselliger Runde beendet.<\/strong><\/p>\n<p><a href=\"https:\/\/hubertus-kompanie-zons.de\/wp-content\/uploads\/2026\/05\/Abteilungs-Schiessen-25.04.2026.jpg\" target=\"_blank\" rel=\"noopener\"><img loading=\"lazy\" decoding=\"async\" class=\"aligncenter wp-image-17138 size-large\" src=\"https:\/\/hubertus-kompanie-zons.de\/wp-content\/uploads\/2026\/05\/Abteilungs-Schiessen-25.04.2026-1024x651.jpg\" alt=\"\" width=\"474\" height=\"301\" srcset=\"https:\/\/hubertus-kompanie-zons.de\/wp-content\/uploads\/2026\/05\/Abteilungs-Schiessen-25.04.2026-1024x651.jpg 1024w, https:\/\/hubertus-kompanie-zons.de\/wp-content\/uploads\/2026\/05\/Abteilungs-Schiessen-25.04.2026-300x191.jpg 300w, https:\/\/hubertus-kompanie-zons.de\/wp-content\/uploads\/2026\/05\/Abteilungs-Schiessen-25.04.2026-768x488.jpg 768w, https:\/\/hubertus-kompanie-zons.de\/wp-content\/uploads\/2026\/05\/Abteilungs-Schiessen-25.04.2026-1536x976.jpg 1536w, https:\/\/hubertus-kompanie-zons.de\/wp-content\/uploads\/2026\/05\/Abteilungs-Schiessen-25.04.2026.jpg 2030w\" sizes=\"auto, (max-width: 474px) 100vw, 474px\" \/><\/a><\/p>\n<p>&nbsp;<\/p>\n<p style=\"text-align: center;\">&nbsp;<\/p>\n","protected":false},"excerpt":{"rendered":"<p>Chronik als PDF Chronik 2026 &#8211; bis Heute Am 06.02.2026 fand unsere erste Versammlung im Eckchen statt, dort wurde unser 2. Vorsitzender Michael Georg f\u00fcr weitere 4 Jahre einstimmig wiedergew\u00e4hlt. Nachdem Ralf das Amt seit circa 20 Jahren inne hat w\u00fcrde er gerne Platz machen um sich hier neu aufzustellen \u2013 es schwebt ihm vor &hellip; <a href=\"https:\/\/hubertus-kompanie-zons.de\/?page_id=17065\" class=\"more-link\"><span class=\"screen-reader-text\">Chronik 2026 &#8211; bis Heute<\/span> weiterlesen <span class=\"meta-nav\">&rarr;<\/span><\/a><\/p>\n","protected":false},"author":1,"featured_media":0,"parent":20,"menu_order":8,"comment_status":"closed","ping_status":"closed","template":"","meta":{"ngg_post_thumbnail":0,"footnotes":""},"class_list":["post-17065","page","type-page","status-publish","hentry"],"_links":{"self":[{"href":"https:\/\/hubertus-kompanie-zons.de\/index.php?rest_route=\/wp\/v2\/pages\/17065","targetHints":{"allow":["GET"]}}],"collection":[{"href":"https:\/\/hubertus-kompanie-zons.de\/index.php?rest_route=\/wp\/v2\/pages"}],"about":[{"href":"https:\/\/hubertus-kompanie-zons.de\/index.php?rest_route=\/wp\/v2\/types\/page"}],"author":[{"embeddable":true,"href":"https:\/\/hubertus-kompanie-zons.de\/index.php?rest_route=\/wp\/v2\/users\/1"}],"replies":[{"embeddable":true,"href":"https:\/\/hubertus-kompanie-zons.de\/index.php?rest_route=%2Fwp%2Fv2%2Fcomments&post=17065"}],"version-history":[{"count":13,"href":"https:\/\/hubertus-kompanie-zons.de\/index.php?rest_route=\/wp\/v2\/pages\/17065\/revisions"}],"predecessor-version":[{"id":17139,"href":"https:\/\/hubertus-kompanie-zons.de\/index.php?rest_route=\/wp\/v2\/pages\/17065\/revisions\/17139"}],"up":[{"embeddable":true,"href":"https:\/\/hubertus-kompanie-zons.de\/index.php?rest_route=\/wp\/v2\/pages\/20"}],"wp:attachment":[{"href":"https:\/\/hubertus-kompanie-zons.de\/index.php?rest_route=%2Fwp%2Fv2%2Fmedia&parent=17065"}],"curies":[{"name":"wp","href":"https:\/\/api.w.org\/{rel}","templated":true}]}}