{"id":1734,"date":"2011-02-21T13:43:59","date_gmt":"2011-02-21T12:43:59","guid":{"rendered":"http:\/\/hkz.yourweb.de\/?page_id=1734"},"modified":"2023-05-22T10:27:24","modified_gmt":"2023-05-22T08:27:24","slug":"bildergalerie","status":"publish","type":"page","link":"https:\/\/hubertus-kompanie-zons.de\/?page_id=1734","title":{"rendered":"Bildergalerie"},"content":{"rendered":"<p><a href=\"https:\/\/hubertus-kompanie-zons.de\/?page_id=8311\">Sch\u00fctzenfeste<\/a><br \/>\n<a href=\"https:\/\/hubertus-kompanie-zons.de\/?page_id=3134\">Sonstige Bildergalerien<\/a><br \/>\n<a href=\"https:\/\/hubertus-kompanie-zons.de\/?page_id=5458\">Sch\u00fctzenk\u00f6nige<\/a><br \/>\n<a href=\"https:\/\/hubertus-kompanie-zons.de\/?page_id=8378\">Kompanie Bilder<\/a><br \/>\n<a href=\"https:\/\/hubertus-kompanie-zons.de\/?page_id=5958\">Bilder von Zons<\/a><\/p>\n","protected":false},"excerpt":{"rendered":"<p>Sch\u00fctzenfeste Sonstige Bildergalerien Sch\u00fctzenk\u00f6nige Kompanie Bilder Bilder von Zons<\/p>\n","protected":false},"author":1,"featured_media":0,"parent":0,"menu_order":7,"comment_status":"closed","ping_status":"closed","template":"","meta":{"ngg_post_thumbnail":0,"footnotes":""},"class_list":["post-1734","page","type-page","status-publish","hentry"],"_links":{"self":[{"href":"https:\/\/hubertus-kompanie-zons.de\/index.php?rest_route=\/wp\/v2\/pages\/1734","targetHints":{"allow":["GET"]}}],"collection":[{"href":"https:\/\/hubertus-kompanie-zons.de\/index.php?rest_route=\/wp\/v2\/pages"}],"about":[{"href":"https:\/\/hubertus-kompanie-zons.de\/index.php?rest_route=\/wp\/v2\/types\/page"}],"author":[{"embeddable":true,"href":"https:\/\/hubertus-kompanie-zons.de\/index.php?rest_route=\/wp\/v2\/users\/1"}],"replies":[{"embeddable":true,"href":"https:\/\/hubertus-kompanie-zons.de\/index.php?rest_route=%2Fwp%2Fv2%2Fcomments&post=1734"}],"version-history":[{"count":2,"href":"https:\/\/hubertus-kompanie-zons.de\/index.php?rest_route=\/wp\/v2\/pages\/1734\/revisions"}],"predecessor-version":[{"id":15359,"href":"https:\/\/hubertus-kompanie-zons.de\/index.php?rest_route=\/wp\/v2\/pages\/1734\/revisions\/15359"}],"wp:attachment":[{"href":"https:\/\/hubertus-kompanie-zons.de\/index.php?rest_route=%2Fwp%2Fv2%2Fmedia&parent=1734"}],"curies":[{"name":"wp","href":"https:\/\/api.w.org\/{rel}","templated":true}]}}