{"id":30,"date":"2011-02-04T13:34:06","date_gmt":"2011-02-04T12:34:06","guid":{"rendered":"http:\/\/hkz.yourweb.de\/?page_id=30"},"modified":"2020-01-15T11:09:34","modified_gmt":"2020-01-15T10:09:34","slug":"schutzenkonige","status":"publish","type":"page","link":"https:\/\/hubertus-kompanie-zons.de\/?page_id=30","title":{"rendered":"Alle Sch\u00fctzenk\u00f6nige der Kompanie"},"content":{"rendered":"<p>&nbsp;<\/p>\n<p style=\"text-align: center;\">&nbsp;<strong><span style=\"font-size: large;\">Die Sch\u00fctzenk\u00f6nige der Hubertuskompanie &#8211; Zons<\/span><\/strong><\/p>\n<h3 style=\"text-align: center;\"><strong>von Heute bis 1899<\/strong><\/h3>\n<p style=\"text-align: center;\"><a href=\"https:\/\/hubertus-kompanie-zons.de\/wp-content\/uploads\/2019\/07\/P1030664-e1564144976171.jpg\" target=\"_blank\" rel=\"noopener noreferrer\"><img loading=\"lazy\" decoding=\"async\" class=\"aligncenter wp-image-11155\" src=\"https:\/\/hubertus-kompanie-zons.de\/wp-content\/uploads\/2019\/07\/P1030664-e1564144976171-576x1024.jpg\" alt=\"Sch\u00fctzenk\u00f6nigs Paar 2019\/20\" width=\"250\" height=\"444\"\/><\/a><strong>2019 Siegfried Prause <a title=\"Sch\u00fctzenk\u00f6nig 2012\" href=\"https:\/\/hubertus-kompanie-zons.de\/?page_id=12273\" target=\"_blank\" rel=\"noopener noreferrer\">Bilder von K\u00f6nig Siegfried<\/a><br \/>\n<\/strong><\/p>\n<p style=\"text-align: center;\"><a href=\"https:\/\/hubertus-kompanie-zons.de\/wp-content\/gallery\/schutzenkonig-heinz-stump\/dsc_0024.jpg\" target=\"_blank\" rel=\"noopener noreferrer\"><img loading=\"lazy\" decoding=\"async\" src=\"https:\/\/hubertus-kompanie-zons.de\/wp-content\/gallery\/schutzenkonig-heinz-stump\/dsc_0024.jpg\" alt=\"\" width=\"200\" height=\"260\"\/><\/a><\/p>\n<p style=\"text-align: center;\"><strong>2012 Heinz Stump<\/strong><a title=\"Sch\u00fctzenk\u00f6nig 2012\" href=\"https:\/\/hubertus-kompanie-zons.de\/?page_id=6361\" target=\"_blank\" rel=\"noopener noreferrer\">&nbsp;&nbsp; Bilder von K\u00f6nig Heinz<\/a><\/p>\n<p style=\"text-align: center;\"><a href=\"https:\/\/hubertus-kompanie-zons.de\/wp-content\/gallery\/schuetzenkoenig-willi-rabus\/Rabus.gif\" target=\"_blank\" rel=\"noopener noreferrer\"><img loading=\"lazy\" decoding=\"async\" class=\"alignnone\" src=\"https:\/\/hubertus-kompanie-zons.de\/wp-content\/gallery\/schuetzenkoenig-willi-rabus\/Rabus.gif\" alt=\"\" width=\"200\" height=\"300\"\/><\/a><\/p>\n<p style=\"text-align: center;\"><strong>1999 Willi Rabus<\/strong><a href=\"https:\/\/hkz.yourweb.de\/?page_id=3148\">&nbsp; <\/a><a href=\"https:\/\/hubertus-kompanie-zons.de\/?page_id=3148\" target=\"_blank\" rel=\"noopener noreferrer\">Bilder von K\u00f6nig Willi<\/a><\/p>\n<p style=\"text-align: center;\"><a href=\"https:\/\/hubertus-kompanie-zons.de\/wp-content\/uploads\/2011\/02\/Bruno-Sibiak.jpg\" target=\"_blank\" rel=\"noopener noreferrer\"><img loading=\"lazy\" decoding=\"async\" class=\"aligncenter\" title=\"1959 Bruno Sibiak\" src=\"https:\/\/hubertus-kompanie-zons.de\/wp-content\/uploads\/2011\/02\/Bruno-Sibiak.jpg\" alt=\"\" width=\"334\" height=\"210\"\/><\/a><strong>1959 Bruno Sibiak<\/strong><\/p>\n<p style=\"text-align: center;\"><a href=\"https:\/\/hubertus-kompanie-zons.de\/wp-content\/uploads\/2011\/02\/Nikolaus-Schoenen1.jpg\" target=\"_blank\" rel=\"attachment wp-att-1595 noopener noreferrer\"><img decoding=\"async\" title=\"\" src=\"https:\/\/hubertus-kompanie-zons.de\/wp-content\/uploads\/2011\/02\/Nikolaus-Schoenen1.jpg\" alt=\"\"\/><\/a><\/p>\n<p style=\"text-align: center;\"><strong>1954 Nikolaus Sch\u00f6nen<\/strong><\/p>\n<p style=\"text-align: center;\"><a href=\"https:\/\/hubertus-kompanie-zons.de\/wp-content\/uploads\/2011\/02\/Peter-Cremer21.jpg\" target=\"_blank\" rel=\"noopener noreferrer\"><strong><img loading=\"lazy\" decoding=\"async\" title=\"Peter Cremer\" src=\"https:\/\/hubertus-kompanie-zons.de\/wp-content\/uploads\/2011\/02\/Peter-Cremer21.jpg\" alt=\"\" width=\"299\" height=\"515\"\/><\/strong><\/a><\/p>\n<p style=\"text-align: center;\"><strong>1952 Peter Cremer<\/strong><\/p>\n<p style=\"text-align: center;\"><a href=\"https:\/\/hubertus-kompanie-zons.de\/wp-content\/uploads\/2011\/02\/Gottfried-Boes1.jpg\" target=\"_blank\" rel=\"noopener noreferrer\"><img loading=\"lazy\" decoding=\"async\" class=\"aligncenter\" title=\"1951 Gottfried Boes\" src=\"https:\/\/hubertus-kompanie-zons.de\/wp-content\/uploads\/2011\/02\/Gottfried-Boes1.jpg\" alt=\"\" width=\"338\" height=\"521\"\/><\/a><strong>1951 Gottfried Boes<\/strong><\/p>\n<p style=\"text-align: center;\"><a href=\"https:\/\/hubertus-kompanie-zons.de\/wp-content\/uploads\/2011\/02\/Peter-Cremer1_bearbeitet-1.jpg\" target=\"_blank\" rel=\"noopener noreferrer\"><img loading=\"lazy\" decoding=\"async\" class=\"aligncenter\" title=\"1950 Peter Cremer\" src=\"https:\/\/hubertus-kompanie-zons.de\/wp-content\/uploads\/2011\/02\/Peter-Cremer1_bearbeitet-1.jpg\" alt=\"\" width=\"322\" height=\"232\"\/><\/a><strong> 1950 Peter Cremer<\/strong><\/p>\n<p style=\"text-align: center;\"><strong><a href=\"https:\/\/hubertus-kompanie-zons.de\/wp-content\/uploads\/2011\/02\/Johann-Schoenen_bearbeitet-11.jpg\" target=\"_blank\" rel=\"attachment wp-att-1591 noopener noreferrer\"><img decoding=\"async\" title=\"\" src=\"https:\/\/hubertus-kompanie-zons.de\/wp-content\/uploads\/2011\/02\/Johann-Schoenen_bearbeitet-11.jpg\" alt=\"\"\/><\/a><\/strong><\/p>\n<p style=\"text-align: center;\"><strong>1948 Johann Sch\u00f6nen<\/strong><\/p>\n<p style=\"text-align: center;\"><a href=\"https:\/\/hubertus-kompanie-zons.de\/wp-content\/uploads\/2011\/02\/Willi-Cremer_bearbeitet-111.jpg\" target=\"_blank\" rel=\"noopener noreferrer\"><img decoding=\"async\" title=\"\" src=\"https:\/\/hubertus-kompanie-zons.de\/wp-content\/uploads\/2011\/02\/Willi-Cremer_bearbeitet-111.jpg\" alt=\"\"\/><\/a><\/p>\n<p style=\"text-align: center;\"><strong>1938 Willi Cremer<\/strong><\/p>\n<p><strong><a href=\"https:\/\/hubertus-kompanie-zons.de\/wp-content\/uploads\/2011\/02\/Heinrich-Ohligschlaeger_bearbeitet-11.jpg\" target=\"_blank\" rel=\"noopener noreferrer\"><img decoding=\"async\" class=\" aligncenter\" title=\"\" src=\"https:\/\/hubertus-kompanie-zons.de\/wp-content\/uploads\/2011\/02\/Heinrich-Ohligschlaeger_bearbeitet-11.jpg\" alt=\"\"\/><\/a><\/strong><\/p>\n<p style=\"text-align: center;\">&nbsp;<strong>1926 Heinrich Ohligschl\u00e4ger<\/strong><\/p>\n<p><a href=\"https:\/\/hubertus-kompanie-zons.de\/wp-content\/uploads\/2011\/02\/Jakob-Eichhorn.jpg\" target=\"_blank\" rel=\"noopener noreferrer\"><img decoding=\"async\" class=\" aligncenter\" src=\"https:\/\/hubertus-kompanie-zons.de\/wp-content\/uploads\/2011\/02\/Jakob-Eichhorn.jpg\" alt=\"\" width=\"200\"\/><\/a><\/p>\n<p style=\"text-align: center;\"><strong>1900 Jakob Eichhorn<\/strong><\/p>\n<p style=\"text-align: center;\"><strong><a href=\"https:\/\/hubertus-kompanie-zons.de\/wp-content\/uploads\/2011\/02\/Johann-Vianden.jpg\" target=\"_blank\" rel=\"noopener noreferrer\"><img loading=\"lazy\" decoding=\"async\" src=\"https:\/\/hubertus-kompanie-zons.de\/wp-content\/uploads\/2011\/02\/Johann-Vianden.jpg\" alt=\"Johann-Vianden\" width=\"200\" height=\"319\"\/><\/a><\/strong><\/p>\n<p style=\"text-align: center;\"><span style=\"font-size: large;\"><strong>1899 Johann Vianden&nbsp;<\/strong><\/span><\/p>\n<p style=\"text-align: center;\"><span style=\"font-size: large;\"><strong>&nbsp;<\/strong><\/span><\/p>\n","protected":false},"excerpt":{"rendered":"<p>&nbsp; &nbsp;Die Sch\u00fctzenk\u00f6nige der Hubertuskompanie &#8211; Zons von Heute bis 1899 2019 Siegfried Prause Bilder von K\u00f6nig Siegfried 2012 Heinz Stump&nbsp;&nbsp; Bilder von K\u00f6nig Heinz 1999 Willi Rabus&nbsp; Bilder von K\u00f6nig Willi 1959 Bruno Sibiak 1954 Nikolaus Sch\u00f6nen 1952 Peter Cremer 1951 Gottfried Boes 1950 Peter Cremer 1948 Johann Sch\u00f6nen 1938 Willi Cremer &nbsp;1926 Heinrich &hellip; <a href=\"https:\/\/hubertus-kompanie-zons.de\/?page_id=30\" class=\"more-link\"><span class=\"screen-reader-text\">Alle Sch\u00fctzenk\u00f6nige der Kompanie<\/span> weiterlesen <span class=\"meta-nav\">&rarr;<\/span><\/a><\/p>\n","protected":false},"author":1,"featured_media":0,"parent":5458,"menu_order":40,"comment_status":"closed","ping_status":"closed","template":"","meta":{"ngg_post_thumbnail":0,"footnotes":""},"class_list":["post-30","page","type-page","status-publish","hentry"],"_links":{"self":[{"href":"https:\/\/hubertus-kompanie-zons.de\/index.php?rest_route=\/wp\/v2\/pages\/30","targetHints":{"allow":["GET"]}}],"collection":[{"href":"https:\/\/hubertus-kompanie-zons.de\/index.php?rest_route=\/wp\/v2\/pages"}],"about":[{"href":"https:\/\/hubertus-kompanie-zons.de\/index.php?rest_route=\/wp\/v2\/types\/page"}],"author":[{"embeddable":true,"href":"https:\/\/hubertus-kompanie-zons.de\/index.php?rest_route=\/wp\/v2\/users\/1"}],"replies":[{"embeddable":true,"href":"https:\/\/hubertus-kompanie-zons.de\/index.php?rest_route=%2Fwp%2Fv2%2Fcomments&post=30"}],"version-history":[{"count":22,"href":"https:\/\/hubertus-kompanie-zons.de\/index.php?rest_route=\/wp\/v2\/pages\/30\/revisions"}],"predecessor-version":[{"id":12305,"href":"https:\/\/hubertus-kompanie-zons.de\/index.php?rest_route=\/wp\/v2\/pages\/30\/revisions\/12305"}],"up":[{"embeddable":true,"href":"https:\/\/hubertus-kompanie-zons.de\/index.php?rest_route=\/wp\/v2\/pages\/5458"}],"wp:attachment":[{"href":"https:\/\/hubertus-kompanie-zons.de\/index.php?rest_route=%2Fwp%2Fv2%2Fmedia&parent=30"}],"curies":[{"name":"wp","href":"https:\/\/api.w.org\/{rel}","templated":true}]}}