{"id":41,"date":"2011-02-04T13:39:57","date_gmt":"2011-02-04T13:39:57","guid":{"rendered":"http:\/\/hkz.yourweb.de\/?page_id=41"},"modified":"2024-06-21T10:41:41","modified_gmt":"2024-06-21T08:41:41","slug":"impressum","status":"publish","type":"page","link":"https:\/\/hubertus-kompanie-zons.de\/?page_id=41","title":{"rendered":"Impressum Datenschutzerkl\u00e4rung"},"content":{"rendered":"<table style=\"width: 500px; height: 20px: text-align:center;\" border=\"0\">\n<tbody>\n<tr>\n<td style=\"width: 80px; height: 20px;\">1.Vorsitzender<\/td>\n<td style=\"width: 80px; height: 20px;\">Nils Annas<\/td>\n<td style=\"width: 80px;\">41541 Dormagen<\/td>\n<td style=\"width: 100px; height: 20px;\"><a href=\"mailto:nils@hubertus-kompanie-zons.de\">Mail an 1. Vorsitzender<\/a><\/td>\n<\/tr>\n<tr>\n<td>Webmitarbeiter<\/td>\n<td>&nbsp;<\/td>\n<td style=\"width: 80px; height: 20px;\"><span id=\"page8R_mcid23\" class=\"markedContent\"><span dir=\"ltr\" role=\"presentation\">Walhovenstr.17<\/span><\/span><span id=\"page8R_mcid24\" class=\"markedContent\"> <\/span><\/td>\n<td>&nbsp;<\/td>\n<\/tr>\n<tr>\n<td>&nbsp;<\/td>\n<td>&nbsp;<\/td>\n<td style=\"width: 80px; height: 20px;\">&nbsp;<\/td>\n<td>&nbsp;<\/td>\n<\/tr>\n<tr>\n<td style=\"width: 80px; height: 20px;\">2.Vorsitzender<\/td>\n<td style=\"width: 80px; height: 20px;\">Micael Georg<\/td>\n<td style=\"width: 80px;\">41541 Dormagen<\/td>\n<td style=\"width: 100px; height: 20px;\"><a title=\"2.Vorsitzender\" href=\"mailto:micha@hubertus-kompanie-zons.de\" target=\"_blank\" rel=\"noopener noreferrer\">Mail an 2. Vorsitzender <\/a><\/td>\n<\/tr>\n<tr>\n<td>&nbsp;<\/td>\n<td>&nbsp;<\/td>\n<td style=\"width: 80px; height: 20px;\"><span id=\"page8R_mcid54\" class=\"markedContent\"><span dir=\"ltr\" role=\"presentation\">St\u00fcrzelbergerstr.57<\/span><\/span><span id=\"page8R_mcid55\" class=\"markedContent\"><\/span><span id=\"page8R_mcid24\" class=\"markedContent\"> <\/span><\/td>\n<td>&nbsp;<\/td>\n<\/tr>\n<tr>\n<td>&nbsp;<\/td>\n<td>&nbsp;<\/td>\n<td style=\"width: 80px; height: 20px;\">&nbsp;<\/td>\n<td>&nbsp;<\/td>\n<\/tr>\n<tr>\n<td style=\"width: 80px; height: 20px;\">1.Kassierer<\/td>\n<td style=\"width: 80px; height: 20px;\">Ralf Annas<\/td>\n<td style=\"width: 80px; height: 20px;\">41541 Dormagen<\/td>\n<td style=\"width: 100px; height: 20px;\"><a title=\"1. Kassierer\" href=\"mailto:ralf@hubertus-kompanie-zons.de\" target=\"_blank\" rel=\"noopener noreferrer\">Mail an 1. Kassierer<\/a><\/td>\n<\/tr>\n<tr>\n<td>&nbsp;<\/td>\n<td>&nbsp;<\/td>\n<td style=\"width: 80px; height: 20px;\">Paracelsus Str.3a<\/td>\n<td>&nbsp;<\/td>\n<\/tr>\n<tr>\n<td>&nbsp;<\/td>\n<td>&nbsp;<\/td>\n<td style=\"width: 80px; height: 20px;\">&nbsp;<\/td>\n<td>&nbsp;<\/td>\n<\/tr>\n<tr>\n<td style=\"width: 80px; height: 20px;\">2.Kassierer<\/td>\n<td style=\"width: 80px; height: 20px;\">Michael Prenzel<\/td>\n<td style=\"width: 80px; height: 20px;\">41541 Dormagen<\/td>\n<td style=\"width: 100px; height: 20px;\"><a title=\"2. Kassierer\" href=\"mailto:michael@hubertus-kompanie-zons.de\" target=\"_blank\" rel=\"noopener noreferrer\">Mail an 2. Kassierer<\/a><\/td>\n<\/tr>\n<tr>\n<td style=\"width: 80px; height: 20px;\">&nbsp;<\/td>\n<td>&nbsp;<\/td>\n<td style=\"width: 80px; height: 20px;\">Herrnweg 22<\/td>\n<td>&nbsp;<\/td>\n<\/tr>\n<tr>\n<td>&nbsp;<\/td>\n<td>&nbsp;<\/td>\n<td style=\"width: 80px; height: 20px;\">&nbsp;<\/td>\n<td>&nbsp;<\/td>\n<\/tr>\n<tr>\n<td style=\"width: 80px; height: 20px;\">Schriftf\u00fcher<\/td>\n<td style=\"width: 80px height: 20px;\">Karl-Hans Chudaska<\/td>\n<td style=\"width: 80px; height: 20px;\">41541 Dormagen<\/td>\n<td style=\"width: 100px; height: 20px;\"><a title=\"Schriftf\u00fcher\" href=\"mailto:karl-hans@hubertus-kompanie-zons.de\" target=\"_blank\" rel=\"noopener noreferrer\">Mail an Schriftf\u00fcher<\/a><\/td>\n<\/tr>\n<tr>\n<td>&nbsp;<\/td>\n<td>&nbsp;<\/td>\n<td style=\"width: 80px; height: 20px;\">Hohes \u00d6rtchen 1<\/td>\n<td>&nbsp;<\/td>\n<\/tr>\n<tr>\n<td>&nbsp;<\/td>\n<td>&nbsp;<\/td>\n<td style=\"width: 80px; height: 20px;\">&nbsp;<\/td>\n<td>&nbsp;<\/td>\n<\/tr>\n<tr>\n<td style=\"width: 80px; height: 20px;\">Webmaster<\/td>\n<td style=\"width: 80px; height: 20px;\">Heinz-Wilhelm Rosellen<\/td>\n<td style=\"width: 80px; height: 20px;\">41541 Dormagen<\/td>\n<td style=\"width: 100px; height: 20px;\"><a title=\"Webmaster\" href=\"mailto:Webmaster@hubertus-kompanie-zons.de\" target=\"_blank\" rel=\"noopener noreferrer\">Mail an Webmaster<\/a><\/td>\n<\/tr>\n<tr>\n<td>&nbsp;<\/td>\n<td>&nbsp;<\/td>\n<td style=\"width: 80px; height: 20px;\">Clausewitz Str.2<\/td>\n<td>&nbsp;<\/td>\n<\/tr>\n<tr>\n<td style=\"width: 80px; height: 20px; text-align: center;\">&nbsp;<\/td>\n<td style=\"width: 80px; height: 20px; text-align: center;\">&nbsp;<\/td>\n<td style=\"width: 80px; height: 20px; text-align: center;\">&nbsp;<\/td>\n<td style=\"width: 100px; height: 20px; text-align: center;\">&nbsp;<\/td>\n<\/tr>\n<\/tbody>\n<\/table>\n<p style=\"text-align: left;\">Foto&#8217;s und Bilder &#8211; Privat und Archiv der Mitglieder der Hubertuskompanie Zons.<\/p>\n<p style=\"text-align: left;\">Verantwortlich f\u00fcr den Inhalt gem\u00e4\u00df \u00a7 6 MdStv ist der Webmaster<\/p>\n<h1>Impressum<\/h1>\n<h2>Angaben gem\u00e4\u00df \u00a7 5 TMG:<\/h2>\n<p>Heinz-Wilhelm Rosellen<br \/>\nClausewitzsre.2<br \/>\n41541 Dormagen<\/p>\n<h2>Kontakt:<\/h2>\n<table>\n<tbody>\n<tr>\n<td>Telefon:<\/td>\n<td>02133 40520<\/td>\n<\/tr>\n<tr>\n<td>E-Mail:<\/td>\n<td>Heinz-Wilhelm.Rosellen@t-online.de<\/td>\n<\/tr>\n<\/tbody>\n<\/table>\n<p>Quelle: <em><a href=\"https:\/\/www.e-recht24.de\">eRecht24<\/a><\/em><\/p>\n<h1>Datenschutzerkl\u00e4rung<\/h1>\n<h2>Datenschutz<\/h2>\n<p>Die Betreiber dieser Seiten nehmen den Schutz Ihrer pers\u00f6nlichen Daten sehr ernst. Wir behandeln Ihre personenbezogenen Daten vertraulich und entsprechend der gesetzlichen Datenschutzvorschriften sowie dieser Datenschutzerkl\u00e4rung.<\/p>\n<p>Die Nutzung unserer Webseite ist in der Regel ohne Angabe personenbezogener Daten m\u00f6glich. Soweit auf unseren Seiten personenbezogene Daten (beispielsweise Name, Anschrift oder E-Mail-Adressen) erhoben werden, erfolgt dies, soweit m\u00f6glich, stets auf freiwilliger Basis. Diese Daten werden ohne Ihre ausdr\u00fcckliche Zustimmung nicht an Dritte weitergegeben.<\/p>\n<p>Wir weisen darauf hin, dass die Daten\u00fcbertragung im Internet (z.B. bei der Kommunikation per E-Mail) Sicherheitsl\u00fccken aufweisen kann. Ein l\u00fcckenloser Schutz der Daten vor dem Zugriff durch Dritte ist nicht m\u00f6glich.<\/p>\n<h2>Datenschutzerkl\u00e4rung f\u00fcr die Nutzung von Facebook-Plugins (Like-Button)<\/h2>\n<p>Auf unseren Seiten sind Plugins des sozialen Netzwerks Facebook, Anbieter Facebook Inc., 1 Hacker Way, Menlo Park, California 94025, USA, integriert. Die Facebook-Plugins erkennen Sie an dem Facebook-Logo oder dem &#8222;Like-Button&#8220; (&#8222;Gef\u00e4llt mir&#8220;) auf unserer Seite. Eine \u00dcbersicht \u00fcber die Facebook-Plugins finden Sie hier: <a href=\"http:\/\/developers.facebook.com\/docs\/plugins\/\">http:\/\/developers.facebook.com\/docs\/plugins\/<\/a>.<\/p>\n<p>Wenn Sie unsere Seiten besuchen, wird \u00fcber das Plugin eine direkte Verbindung zwischen Ihrem Browser und dem Facebook-Server hergestellt. Facebook erh\u00e4lt dadurch die Information, dass Sie mit Ihrer IP-Adresse unsere Seite besucht haben. Wenn Sie den Facebook &#8222;Like-Button&#8220; anklicken w\u00e4hrend Sie in Ihrem Facebook-Account eingeloggt sind, k\u00f6nnen Sie die Inhalte unserer Seiten auf Ihrem Facebook-Profil verlinken. Dadurch kann Facebook den Besuch unserer Seiten Ihrem Benutzerkonto zuordnen. Wir weisen darauf hin, dass wir als Anbieter der Seiten keine Kenntnis vom Inhalt der \u00fcbermittelten Daten sowie deren Nutzung durch Facebook erhalten. Weitere Informationen hierzu finden Sie in der Datenschutzerkl\u00e4rung von Facebook unter <a href=\"http:\/\/de-de.facebook.com\/policy.php\">http:\/\/de-de.facebook.com\/policy.php<\/a>.<\/p>\n<p>Wenn Sie nicht w\u00fcnschen, dass Facebook den Besuch unserer Seiten Ihrem Facebook-Nutzerkonto zuordnen kann, loggen Sie sich bitte aus Ihrem Facebook-Benutzerkonto aus.<\/p>\n","protected":false},"excerpt":{"rendered":"<p>1.Vorsitzender Nils Annas 41541 Dormagen Mail an 1. Vorsitzender Webmitarbeiter &nbsp; Walhovenstr.17 &nbsp; &nbsp; &nbsp; &nbsp; &nbsp; 2.Vorsitzender Micael Georg 41541 Dormagen Mail an 2. Vorsitzender &nbsp; &nbsp; St\u00fcrzelbergerstr.57 &nbsp; &nbsp; &nbsp; &nbsp; &nbsp; 1.Kassierer Ralf Annas 41541 Dormagen Mail an 1. Kassierer &nbsp; &nbsp; Paracelsus Str.3a &nbsp; &nbsp; &nbsp; &nbsp; &nbsp; 2.Kassierer Michael Prenzel &hellip; <a href=\"https:\/\/hubertus-kompanie-zons.de\/?page_id=41\" class=\"more-link\"><span class=\"screen-reader-text\">Impressum Datenschutzerkl\u00e4rung<\/span> weiterlesen <span class=\"meta-nav\">&rarr;<\/span><\/a><\/p>\n","protected":false},"author":1,"featured_media":0,"parent":0,"menu_order":10,"comment_status":"closed","ping_status":"open","template":"","meta":{"ngg_post_thumbnail":0,"footnotes":""},"class_list":["post-41","page","type-page","status-publish","hentry"],"_links":{"self":[{"href":"https:\/\/hubertus-kompanie-zons.de\/index.php?rest_route=\/wp\/v2\/pages\/41","targetHints":{"allow":["GET"]}}],"collection":[{"href":"https:\/\/hubertus-kompanie-zons.de\/index.php?rest_route=\/wp\/v2\/pages"}],"about":[{"href":"https:\/\/hubertus-kompanie-zons.de\/index.php?rest_route=\/wp\/v2\/types\/page"}],"author":[{"embeddable":true,"href":"https:\/\/hubertus-kompanie-zons.de\/index.php?rest_route=\/wp\/v2\/users\/1"}],"replies":[{"embeddable":true,"href":"https:\/\/hubertus-kompanie-zons.de\/index.php?rest_route=%2Fwp%2Fv2%2Fcomments&post=41"}],"version-history":[{"count":17,"href":"https:\/\/hubertus-kompanie-zons.de\/index.php?rest_route=\/wp\/v2\/pages\/41\/revisions"}],"predecessor-version":[{"id":16292,"href":"https:\/\/hubertus-kompanie-zons.de\/index.php?rest_route=\/wp\/v2\/pages\/41\/revisions\/16292"}],"wp:attachment":[{"href":"https:\/\/hubertus-kompanie-zons.de\/index.php?rest_route=%2Fwp%2Fv2%2Fmedia&parent=41"}],"curies":[{"name":"wp","href":"https:\/\/api.w.org\/{rel}","templated":true}]}}