{"id":6308,"date":"2012-07-10T12:10:31","date_gmt":"2012-07-10T10:10:31","guid":{"rendered":"http:\/\/hubertus-kompanie-zons.de\/?page_id=6308"},"modified":"2022-01-27T14:45:13","modified_gmt":"2022-01-27T13:45:13","slug":"2011-bis-heute","status":"publish","type":"page","link":"https:\/\/hubertus-kompanie-zons.de\/?page_id=6308","title":{"rendered":"2011 &#8211; 2014"},"content":{"rendered":"<p><a href=\"https:\/\/hubertus-kompanie-zons.de\/wp-content\/uploads\/2012\/06\/Homepage-11.jpg\"><img loading=\"lazy\" decoding=\"async\" class=\"aligncenter size-medium wp-image-10233\" src=\"https:\/\/hubertus-kompanie-zons.de\/wp-content\/uploads\/2012\/06\/Homepage-11-300x187.jpg\" alt=\"\" width=\"300\" height=\"187\" srcset=\"https:\/\/hubertus-kompanie-zons.de\/wp-content\/uploads\/2012\/06\/Homepage-11-300x187.jpg 300w, https:\/\/hubertus-kompanie-zons.de\/wp-content\/uploads\/2012\/06\/Homepage-11-768x478.jpg 768w, https:\/\/hubertus-kompanie-zons.de\/wp-content\/uploads\/2012\/06\/Homepage-11.jpg 1024w\" sizes=\"auto, (max-width: 300px) 100vw, 300px\" \/><\/a><\/p>\n<p align=\"center\"><a href=\"https:\/\/hubertus-kompanie-zons.de\/wp-content\/uploads\/Die%20Chronik%20der%20Hubertuskompanie%20von%202011%20bis%202014.pdf\" target=\"_blank\" rel=\"noopener noreferrer\"><strong>Chronik als PDF. Datei<\/strong><\/a><\/p>\n<p align=\"center\"><span style=\"font-family: arial black,avant garde;\"><strong>2011<\/strong><\/span><\/p>\n<p style=\"text-align: center;\"><strong>Am 17.04.2011 nahmen wir am 60. Rheinischen Sch\u00fctzentag in Dormagen teil. Es waren etwa 3000 Sch\u00fctzen beim Umzug dabei.<\/strong><\/p>\n<p align=\"center\"><strong>Es traten in diesem Jahr Ekkehard Sattler und Hans Theo Tolles unserer Kompanie bei, da sich Ihre Alte Kompanie ( Zonser Sondermischung) auf gel\u00f6st hatte.&nbsp;<\/strong><\/p>\n<h2 align=\"center\"><strong>Sch\u00fctzenfest 2011<\/strong><\/h2>\n<p style=\"text-align: center;\" align=\"center\"><strong>Montags um 12:45 haben wir mit unser Kompanieschiessen beginnen k\u00f6nnen.<\/strong><\/p>\n<p align=\"center\"><strong>Den Kopf schoss Markus Prause. Den rechten Fl\u00fcgel schoss Patrick Hutz. Den linken Fl\u00fcgel schoss Marc Libertus und den Schweif schoss Ekkehard Sattler.<\/strong><\/p>\n<p align=\"center\"><strong>Danach traten Heinz Stump, Karl \u2013 Hans Chudaska, Heinz Hilgers, Wilhelm Rabus und Hilmar Hutz zum Schie\u00dfen f\u00fcr den Kompaniek\u00f6nig an. Mit dem 37 Schuss holte sich dann Heinz Hilgers die K\u00f6nigsw\u00fcrde der Kompanie.<\/strong><\/p>\n<p align=\"center\"><strong>Gegen 16:00 Uhr wurde mit dem Schie\u00dfen auf den gro\u00dfen K\u00f6nigsvogel &nbsp;&nbsp;begonnen. Es meldeten sich neun Kandidaten f\u00fcr das K\u00f6nigs Schie\u00dfen an. Diese waren : Frank-Peter Br\u00f6cking, (Gern. Seldene Bl\u00f6mcher) Thomas Venzke ( Immer Blau) Rainer A\u00dfmann, Frank Wimmer, Wiljo Wimmer (Tambourcorps Feste Zons) sowie von der Hubertuskompanie Ralf Annas, Siegfried Prause, Karl- Peter Libertus und Heinz Stump an. Nach einem sehr fairen Wettkampf in dem sich die Kandidaten zwischendurch auch in den <\/strong><a title=\"Kandidaten\" href=\"https:\/\/hubertus-kompanie-zons.de\/wp-content\/uploads\/2011\/07\/IMG_02861.jpg\" target=\"_blank\" rel=\"noopener noreferrer\"><strong>Armen lagen<\/strong><\/a><strong> und das Lied sangen (wir sind Zonser) &nbsp;wurde mit dem 279 Schuss Frank Wimmer neuer Sch\u00fctzenk\u00f6nig von Zons. Wir von der Kompanie waren alle sehr traurig da es von unseren Kandidaten keiner geschafft hat den Golden Schuss zusetzen.&nbsp;Das Pfand des Kopfes erlegte unser Sch\u00fctze Wolfgang Stump. Den Schweif schoss unser Unteroffizier Markus Altenkamp. <\/strong><\/p>\n<p align=\"center\"><!--nextpage--><\/p>\n<p align=\"center\"><span style=\"font-family: arial black,avant garde; font-size: 20px;\"><strong>2012<\/strong><\/span><\/p>\n<p align=\"center\"><strong>Auf der Versammlung am 10.02.2012<\/strong> <strong>wurde Siegfried Prause zum 1. Vorsitzenden f\u00fcr zwei Jahre neu gew\u00e4hlt. Au\u00dferdem wurde noch Markus Altenkamp zum 2. Vorsitzenden auch f\u00fcr zwei Jahre neu gew\u00e4hlt.<\/strong><strong> Michael Georg trat an diesem Tag unserer Kompanie bei.<\/strong><strong> Robin Libertus und Heinz-Wilhelm Rosellen wurden als Kassenpr\u00fcfer bestimmt.<br \/>\n<\/strong><\/p>\n<p align=\"center\"><strong>Am 17.03.2012 wurde um unseren Wanderpokal im B\u00fcrgerhaus geschossen. Den Pokal gewann nach einem Stechen Patrick Hutz.<\/strong><\/p>\n<p align=\"center\"><strong>Am 17.05.2012 machten wir eine Planwagenfahrt. Diese f\u00fchrte uns \u00fcber Hackenbroich, Anstel, nach St\u00fcrzelberg wo wir den sch\u00f6nen Tag ausklingen lie\u00dfen.<\/strong><\/p>\n<p align=\"center\"><strong>Am Freitag dem 08.06.2012 traten wir an zur Kompanie Meisterschaft am Hochstand. Es traten 6 Mann von uns zum Schie\u00dfen auf die F\u00e4nder an, sie brauchten 14 Schuss f\u00fcr die 8 F\u00e4nder.<\/strong><\/p>\n<p align=\"center\"><strong>Nach einem stechen gegen die Kompanie (J\u00f6stige Junge vertreten durch Manfred Oberrem) konnten wir durch Patrick Hutz den 3 Platz in der Meisterschaft belegen.<\/strong><\/p>\n<p align=\"center\"><strong>Unser Ehrenmitglied Heinz Hilgers hat die Schirmherrschaft f\u00fcr das dies J\u00e4hrige 114. &nbsp;Sch\u00fctzenfest \u00fcbernommen.<\/strong><\/p>\n<p align=\"center\"><strong>Unser Ehrenmitglied Karl-Hans Chudaska feiert in diesem Jahr 40 Jahre Mitgliedschaft im Verein. Er ist seit mehr als 20 Jahre unser Schriftf\u00fchrer und Spie\u00df und bekleidet den Rang eines Hauptfeldwebels.<\/strong><\/p>\n<p align=\"center\"><strong>Bei der Versammlung am 29.06.2012 wurde ein neues Zugk\u00f6nigs Geld eingef\u00fchrt. Dieses wurde mehrheitlich beschlossen. Es wird dem K\u00f6nig an seinem K\u00f6nigsabend \u00fcberreicht.<\/strong><\/p>\n<p style=\"text-align: center;\"><strong>Am 30.06.2012 wurde Jens Annas zum F\u00e4hnrich bef\u00f6rdert, durch unseren Major Patrick Hutz. Unser Zugf\u00fchrer Marc Libertus wurde von unserem Oberst Andreas Chemnitzer, vom Oberleutnant zum Hauptmann bef\u00f6rdert. Unser Ehrenmitglied Hilmar Hutz wurde vom Verein, durch den&nbsp;<\/strong><strong>1. Vorsitzender<\/strong>&nbsp;&nbsp; <strong>Peter Norff f\u00fcr seine Dienste in der Kompanie mit der<\/strong> <strong>Verdienstnadel in Silber<\/strong> <strong>ausgezeichnet.&nbsp;<\/strong><\/p>\n<p><!--nextpage--><\/p>\n<p style=\"text-align: center;\"><strong>Sch\u00fctzenfest 2012<\/strong><\/p>\n<p align=\"center\"><strong>Montags um 12:45 haben wir mit unserm Kompanieschiessen beginnen k\u00f6nnen.<\/strong><\/p>\n<p align=\"center\"><strong>Den Kopf schoss Michael Minke. Den rechten Fl\u00fcgel schoss Karl \u2013 Peter Libertus. Den linken Fl\u00fcgel schoss Holger Marx und den Schweif schoss Robin Libertus.<\/strong><\/p>\n<p align=\"center\"><strong>Au\u00dferdem mussten wir noch den Hubertus Fiffi<\/strong>&nbsp;<strong>ausschiessen, diesen Titel holte sich Jens Annas.<\/strong><\/p>\n<p align=\"center\"><strong>Danach traten alle an zum Schie\u00dfen f\u00fcr den Kompaniek\u00f6nig. Mit dem 36 Schuss holte sich dann Markus Altenkamp &nbsp;die K\u00f6nigsw\u00fcrde der Kompanie.<\/strong>&nbsp;<strong>Dieses ist sein dritter K\u00f6nigs Titel seit 1989.<\/strong><\/p>\n<p align=\"center\"><strong>Gegen 15:00 Uhr wurde mit dem Schie\u00dfen auf den gro\u00dfen K\u00f6nigsvogel &nbsp;begonnen. Es meldeten sich vier Kandidaten f\u00fcr das K\u00f6nigs Schie\u00dfen an. Diese waren :Luger Haskamp von den Brav Junge sowie von der Hubertuskompanie Ralf Annas, Karl- Peter Libertus und Heinz Stump an. Nach einem sehr fairen Wettkampf wurde mit dem 175 Schuss Heinz Stump neuer Sch\u00fctzenk\u00f6nig von Zons. Es war schon das vierte Mal das er auf den K\u00f6nigsvogel schoss. Wir von der Kompanie waren alle begeister das es einer unserer Kandidaten geschafft hat. Nach dem wir nun schon das dritte Mal in Folge Kandidaten gestellt haben. Beim Pfand ausschie\u00dfen ging diesmal unsere Kompanie leer aus.<\/strong><\/p>\n<p align=\"center\"><strong>Am Mittwoch wurde von uns die Alt Stadt wieder von den F\u00e4hnchen befreit. Bis zum neuen Jahr dann werden wir die Alt Stadt wieder &nbsp;mit F\u00e4hnchen ausschm\u00fccken.<\/strong><\/p>\n<p align=\"center\"><strong>Am Samstag dem 04. August fand unser all J\u00e4hriges Pokal \u2013 Schie\u00dfen am Hochstand auf den Rheinwiesen stand. Um 11:00 Uhr wurde mit dem Aufbau begonnen. Unser Grillmeister Hilmar Hutz warf seinen Grill an und Grillte f\u00fcr leckere W\u00fcrstchen und Fleisch.<\/strong><\/p>\n<p align=\"center\"><strong>Gegen 14:30 Uhr haben wir mit dem Schie\u00dfen auf den Damen und M\u00e4nner Pokal begonnen. F\u00fcr den M\u00e4nner Pokal wurden 371 Schuss ben\u00f6tig. Als letzter Sch\u00fctze war dieses Karl-Hans Chudaska. Die Damen ben\u00f6tigten f\u00fcr Ihren Pokal 465 Schuss bevor der Vogel fiel. Als letzte Sch\u00fctzin trat Ulricke Tolles an und holte den Vogel von der Stange. Da das Schie\u00dfen solange dauerte konnten wir die anderen Pokale nicht mehr ausschie\u00dfen. <\/strong><\/p>\n<p align=\"center\"><strong>Am Sonntag dem 05.08.2012 sind wir auf Einladung der Hubertuskompanie St\u00fcrzelberg, im Sonntags Umzug mit zwanzig Mitgliedern mit marschiert.<\/strong><\/p>\n<p align=\"center\"><!--nextpage--><\/p>\n<h2 align=\"center\"><strong>2013<\/strong><\/h2>\n<p align=\"center\"><strong>16.02.2013 feierten wir mit unserem Kompaniek\u00f6nig Markus Altenkamp einen sehr sch\u00f6nen K\u00f6nigsabend im Alten Zollhaus.<\/strong><\/p>\n<p align=\"center\"><strong>17.03.2013 wurde um unseren Wanderpokal im B\u00fcrgerhaus geschossen. Der Sieger war nach einem Stechen Markus Altenkamp.<\/strong><\/p>\n<p align=\"center\"><strong>23.03.2013 feierten wir mit unserem Sch\u00fctzenk\u00f6nigspaar Heinz-Werner I. und Andrea einen sch\u00f6nen K\u00f6nigsabend in der Kleingarten Anlage in Zons.<\/strong><\/p>\n<p align=\"center\"><strong>Auf der Versammlung am 19.04.2013 wurde Thomas Clemens f\u00fcr 2 Jahre zum Kassenpr\u00fcfer gew\u00e4hlt.<\/strong><\/p>\n<p align=\"center\"><strong>09.05.2013 machten wir unsere Vatertags \u2013 Tour. Es ging erst mit dem <\/strong><strong>Bollerwagen nach Piwipp, von dort aus ging\u2019s mit dem Piwipper B\u00f6\u00f6tchen auf die <\/strong><strong>andere Rheinseite nach Monhein wo wir ein paar sch\u00f6ne Stunden verbrachten. Den Tag <\/strong><strong>haben wir dann im Alten Zollhaus ausklingen lassen.<\/strong><\/p>\n<p align=\"center\"><strong>12.05.2013 haben wir&nbsp; am Bundesk\u00f6niginnentag in St\u00fcrzelberg teilgenommen.<\/strong><\/p>\n<p align=\"center\"><strong>In der Schie\u00dfwoche vom 25.05. \u2013 02.06.2013 wurde ein Hubertusschie\u00dfen ins Leben gerufen. Die zwei Pokale wurden von den Majoren der Hubertussch\u00fctzen Zons und St\u00fcrzelberg gestiftet, einer f\u00fcr die beste Mannschaft und einer f\u00fcr die beste Mannschaft aus dem Stadtteil. Am schie\u00dfen nahmen auch ca.(20) Hubertussch\u00fctzen aus St\u00fcrzelberg teil. Den Pokal als beste Mannschaft holte sich Treu Zons. Die beste Mannschaft des Stadtteils wurden die Zonser. Bester Hubertussch\u00fctze wurde Hans-Peter Hutz. <\/strong><\/p>\n<p align=\"center\"><strong>21.06.2013 wurde \u00fcber die Kompanie in einem Sonderheft der NGZ berichtet. ( siehe Link: <a href=\"https:\/\/hubertus-kompanie-zons.de\/wp-content\/uploads\/Schuetzen0001.PDF\" target=\"_blank\" rel=\"noopener noreferrer\">https:\/\/hubertus-kompanie-zons.de\/wp-content\/uploads\/Chronik%20der%20Kompanie.pdf<\/a>)<\/strong><\/p>\n<p align=\"center\"><strong>Am<\/strong> <strong>Freitag dem 05.07.2013 \u00fcbernahm unser Sch\u00fctzenk\u00f6nigspaar Heinz-Werner I. und seine K\u00f6nigin Andrea eine Patenschaft, \u00fcber eine Ziege von Peter Norff f\u00fcr ein Jahr.<\/strong><\/p>\n<p align=\"center\"><strong>06.07.2013 auf dem Oberstsehrenabend wurde unser 1.Vorsitzender Siegfried Prause zum Leutnant bef\u00f6rdert. Unser Major bef\u00f6rderte unseren 2.Vorsitzender Markus Altenkamp und &nbsp;unseren Webmaster Heinz-Wilhelm Rosellen zum Feldwebel. Au\u00dferdem wurde unser1. Kassierer&nbsp; Ralf Annas bef\u00f6rdert zum Hauptfeldwebel.<\/strong><\/p>\n<p align=\"center\"><strong>7.07.2013 Unsere <\/strong><strong>Majest\u00e4t Heinz Werner l. wurde auf der Vollversammlung f\u00fcr seine 25 j\u00e4hrige Mitgliedschaft in der St. Hubertus Sch\u00fctzengesellschaft 1898 Zons e.V. geehrt.<\/strong><\/p>\n<p align=\"center\"><strong>Am 08.07.2013 begangen wir mit dem Aufbau der <a href=\"https:\/\/hubertus-kompanie-zons.de\/wp-content\/gallery\/residenz-2013\/residenz-fer.jpg\" target=\"_blank\" rel=\"noopener noreferrer\">Residenz<\/a> an der Aldenhoverstr. Bei unserer Majest\u00e4t Heinz Werner I und seiner K\u00f6nigin Andrea. Diese wurde durch viele Helfer der Kompanie, nach nur 4 Tagen Arbeit fertig gestellt. W\u00e4hrend der Aufbau Arbeiten wurden wir von unserem K\u00f6nigspaar gut bewirtschaftet. <\/strong><\/p>\n<p align=\"center\"><strong>Mit dem Aufbau der <a href=\"https:\/\/hubertus-kompanie-zons.de\/wp-content\/gallery\/residenz-2013\/residenz1.jpg\" target=\"_blank\" rel=\"noopener noreferrer\">Residenz an der Pfarrscheue<\/a> haben wir am 15.07.2013 begonnen. <\/strong><strong>Nach nur drei Tagen war diese fertig gestellt. Auch bei diesem Aufbau wurden wir wieder sehr gut bewirtschaftet.<\/strong><\/p>\n<p align=\"center\"><!--nextpage--><\/p>\n<h2 align=\"center\"><strong>Sch\u00fctzenfest 2013<\/strong><\/h2>\n<p align=\"center\"><strong>Beim Fackelzug am Samstag nahmen Hubertussch\u00fctzen aus St\u00fcrzelberg teil.<\/strong><\/p>\n<p align=\"center\"><strong>Montags um 11:00 h haben wir mit unserm Kompanieschiessen beginnen k\u00f6nnen.<\/strong><\/p>\n<p align=\"center\"><strong>Den Kopf schoss Patrick Hutz. Den rechten Fl\u00fcgel schoss Michael Minke. Den linken Fl\u00fcgel schoss Hans-Theo Tolles &nbsp;und den Schweif schoss Peter Houben.<\/strong><\/p>\n<p align=\"center\"><strong>Danach traten alle die Sch\u00fctzen an, die noch nicht Kompaniek\u00f6nig waren. Mit dem 18 Schuss holte sich dann Thomas Clemens&nbsp; die K\u00f6nigsw\u00fcrde der Kompanie.<\/strong>&nbsp;<b>Dieses ist sein erster K\u00f6nigs Titel.<\/b><\/p>\n<p align=\"center\"><strong>03.08.2013 fand unser allj\u00e4hriges Hochstandschie\u00dfen&nbsp;<\/strong><strong>bei sch\u00f6nstem Wetter statt.<\/strong> <strong> Die Sieger beim Pokale schie\u00dfen waren. Wanderpokal der M\u00e4nner Thomas Clemens mit 61 Schuss, den Damen Pokal 1 holte sich Michelle Ruffer mit 41 Schuss, Damen Pokal 2 holte sich Ulricke Tolles mit 49 Schuss. Hans-Peter Hutz holte sich mit dem 11 Schuss den F. Dee Pokal. Der Gemeinschafts Pokal ging an unsere Ex K\u00f6nigin Andrea Stump mit dem 68 Schuss. Der Hubertus \u2013 Fiffi wurde dieses mal von den Damen aus geschossen, somit wurde Hannelore Rosellen mit dem 98 Schuss unsere Hubertus \u2013 Fiffine. Auch wurde unser neues und j\u00fcngstes Mitglied Patrick Schmitz aufgenommen.&nbsp;<\/strong><\/p>\n<p align=\"center\"><strong>24.08.2013 wir machten eine Stadtf\u00fchrung mit dem Waschweib, durch unsere Heimatstadt Zons, leider bei Regenwetter. Gestiftet hat diese F\u00fchrung unser Mitglied Wilhelm Rabus.<\/strong><\/p>\n<p align=\"center\"><strong>01.09.2013 wir nahmen auf Einladung vom Sch\u00fctzenk\u00f6nig in Anstel am Festzug teil.<\/strong><\/p>\n<p align=\"center\"><strong>09.09.2013 in St\u00fcrzelberg fand das J\u00e4hrliche Hubertus Schiessen stand, dort nahmen wir zum ersten mal auf Einladung der Hubertusz\u00fcge St\u00fcrzelberg teil.<\/strong><\/p>\n<p align=\"center\"><strong>12.10.2013 verstarb<\/strong> <b>unser<strong> Mitglied Harald Ohligschl\u00e4ger, wir werden ihn nie vergessen.<\/strong><\/b><\/p>\n<p align=\"center\"><strong>19.10.2013 fand das KK Schie\u00dfen in Straberg statt, es waren zum ersten mal auch Frauen von uns dabei.<\/strong><\/p>\n<p align=\"center\"><b>02.11.2013 fand der Hubertusball in der Pfarrscheune zu Zons statt. Es war wie immer ein sch\u00f6ner Abend. <\/b><\/p>\n<p align=\"center\"><b>07.12,2013 haben wir unsere Jahresabschluss Feier im Alten Zollhaus abgehalten, es war wie immer ein sehr Harmonischer Abend.<\/b><\/p>\n<p style=\"text-align: center;\"><!--nextpage--><\/p>\n<h2 style=\"text-align: center;\"><strong>2014<\/strong><\/h2>\n<p align=\"center\"><strong>Auf der Versammlung am 22.02.2014 wurde Wilhelm Rabus f\u00fcr 2 Jahre zum Kassenpr\u00fcfer gew\u00e4hlt.<\/strong><\/p>\n<p align=\"center\"><strong>22.03.2014 feierten wir mit unserem Kompaniek\u00f6nig Thomas Clemens einen sehr sch\u00f6nen K\u00f6nigsabend im Tennisheim Zons.<\/strong><\/p>\n<p align=\"center\"><strong>29.03.2014 wurde um unseren Wanderpokal im B\u00fcrgerhaus geschossen. Der Sieger war nach einem Stechen Robin Libertus.<\/strong><\/p>\n<p style=\"text-align: center;\"><strong>27.04.2014 ging unsere Facebook Seite Online<\/strong><\/p>\n<p style=\"text-align: center;\"><strong>24.-25.05.2014 M\u00e4nnertour ins Sauerland zum Ramada Hotel Willingen. Wir hatten eine super Tour, das Wetter bestand nur aus Sonnenschein, Getr\u00e4nke und Essen war alles super. <\/strong><\/p>\n<p style=\"text-align: center;\"><strong>28.0.5.2014 Aussch\u00e4nke Schiesswochen der Abend war sehr gut besucht und wir hatten gut zu tun. <\/strong><\/p>\n<p style=\"text-align: center;\"><strong>31.05.2014 fand das dies j\u00e4hrige Hubertusschiessen mit den Hubertussch\u00fctzen aus St\u00fcrzelberg zum 2. mal statt. Die beste Kompanie wurde zum 2. mal in Folge, mit 15 Schu\u00df und 8 Pf\u00e4nder Treu Zons. Der beste Stadtteil wurde auch zum 2 .mal, mit18 Schu\u00df und 7 Pf\u00e4nder die Hubertussch\u00fctzen aus Zons. Bester Sch\u00fctze wurde aus St\u00fcrzelberg der Hubertussch\u00fctze Guido Loqwingen mit 60 Schu\u00df. <\/strong><\/p>\n<p style=\"text-align: center;\"><strong>25.Jubilaum feiert dieses Jahr Markus Altenkamp.<\/strong><\/p>\n<p style=\"text-align: center;\"><strong>Auszug aus der Festschrift: Markus Altenkamp ist seit 1989 Mitglied der St. Hubertus Sch\u00fctzengesellschaft Zons. Ebenso lang ist er auch Mitglied der Hubertuskompanie. W\u00e4hrend seiner 25. J\u00e4hrigen Zugeh\u00f6rigkeit ist es ihm gelungen den K\u00f6nigsvogel des Zuges von der Stange zu Holen. Zu seinen auff\u00e4lligsten Merkmalen z\u00e4hlt wohl seine Fr\u00f6hlichkeit, die vielle w\u00e4hrend der Sch\u00fctzenfeste angesteckt hat. Aufgrund seiner bedachten Art und seines Organisationstalentes wurde Markus von der Kompanie zum zweiten Vorsitzenden der Hubertuskompanie gew\u00e4hlt. Markus Altenkamp tr\u00e4gt den Rang eines Feldwebels.<\/strong><\/p>\n<p style=\"text-align: center;\"><strong>40, Jubil\u00e4um feiert dieses Jahr Hilmar Hutz<\/strong><\/p>\n<p style=\"text-align: center;\"><strong>Auszug aus der Festschrift: Hilmar ist seit 1974 Mitglied in der St. Hubertus Sch\u00fctzengesellschaft Zons und ebenso lange Mitglied in der Hubertuskompanie. In dieser Zeit konnte er dreimal die Kompaniek\u00f6nigsw\u00fcrde erringen. F\u00fcr seine langj\u00e4hrige T\u00e4tigkeit als Kassierer des Zuges wurde er mit der Bronzenen Verdienstnadel ausgezeichnet. Weiterhin wurde er mit der Silbernen Verdienstnadel ausgezeichnet f\u00fcr die Verdienste um die Versorgung der Kompanie zu den verschiedenen Schie\u00dfveranstaltungen. Seine Ambitionen einmal Sch\u00fctzenk\u00f6nig des Vereines zu werden, brachten ihn zum 100 j\u00e4hrigen Bestehen des Vereines und der Hubertuskompanie, im Jahre 1998, auf den Schie\u00dfstand, im fairen Wettbewerb unterlag er jedoch seinem Kompaniekollegen Willi Rabus. Hilmar Hutz tr\u00e4gt den Rang des Hauptfeldwebels. <\/strong><\/p>\n<p style=\"text-align: center;\"><strong>13.06.2014 wurde Siegfried, Prause ( 1. Vorsitzender) und Markus, Altenkamp (2. Vorsitzender) f\u00fcr weitere 4 Jahre in Ihren \u00c4mtern best\u00e4tig.<\/strong><\/p>\n<p style=\"text-align: center;\"><!--nextpage--><\/p>\n<h2 style=\"text-align: center;\"><strong>Sch\u00fctzenfest 2014<\/strong><\/h2>\n<p style=\"text-align: center;\"><strong>Beim Fackelzug am Samstag nahmen wieder die Hubertussch\u00fctzen aus St\u00fcrzelberg teil.<\/strong><\/p>\n<p style=\"text-align: center;\"><strong>Am Sonntag vor der Fr\u00fchparade wurde unser Mitglied Hilmar Hutz f\u00fcr seine 40 j\u00e4hrige Mitgliedschaft geehrt. Am Abend wurde dann im Festzelt unser Mitglied Heinz-Werner Stump mit der Goldenen Verdienstnadel ausgezeichnet.<\/strong><\/p>\n<p style=\"text-align: center;\"><strong>Montags um 11:00 h haben wir mit unserm Kompanieschiessen beginnen k\u00f6nnen.<\/strong><\/p>\n<p style=\"text-align: center;\"><strong>Den Kopf schoss Robin Libertus. Den rechten Fl\u00fcgel schoss Karl-Peter Libertus. Den linken Fl\u00fcgel schoss Marc Libertus und den Schweif schoss Peter Houben.<\/strong><\/p>\n<p style=\"text-align: center;\"><strong>Danach traten die Sch\u00fctzen Jens Annas, Siegfried Prause, Markus Prause, Hans-Theo Tolles, Ekkehard Sattler, Karl- Haus Chudaska. Wilhelm Rabus und Ralf Annas. Mit dem 37 Schuss holte sich dann Ekkehard Sattler die K\u00f6nigsw\u00fcrde der Kompanie.<\/strong>&nbsp;<strong>Dieses ist sein erster K\u00f6nigs Titel.<\/strong><\/p>\n<p style=\"text-align: center;\"><strong>02.08.2014 unser Allj\u00e4hriges Hochstandschie\u00dfen durchgef\u00fchrt. Es begann bei sch\u00f6nem Sonnenschein, am Nachmittag mussten wir einen Wolkenbruch \u00fcberstehen, den wir so in Zons noch nicht erlebt haben. Der Schie\u00dfstand stand nach ein paar Minuten total unter Wasser. Was aber der Guten Laune nichts an haben konnte. Au\u00dfer dem spielten f\u00fcr uns auch die Dudelsack Pfeifer <\/strong><strong>Drums and Pipes.<\/strong><\/p>\n<p style=\"text-align: center;\"><strong>Die Pokalsieger in diesem Jahr waren, M\u00e4nnerpokal Hans-Peter Hutz, den DamenPokal holte sich Sabine Stump, Wolfgang Stump holte sich den F.Dee Pokal, den Gemeinschaftspokal errang Karl-Hans Chudaska, Damen Pokal 2 holte sich Roswitha Libertus und den sch\u00f6nen Hubertus &#8211; Fiffi holte sich zum zweiten mal unsere Fiffine Hannelore Rosellen.<\/strong><\/p>\n<p style=\"text-align: center;\"><strong>04.08.2014 haben wir mit 6 Mann an einer <\/strong><strong><span id=\"eow-title\" class=\"watch-title long-title \" dir=\"ltr\" title=\"Cold Water Challenge 2014 - Hubertuskompanie 1898 von Zons\">Cold Water Challenge 2014<\/span><\/strong><\/p>\n<p style=\"text-align: center;\"><strong>18.10.2014 wir waren Kegeln in St\u00fcrzelberg im Vater Rhein es war mal wieder es sehr lustiger Samstag nachmittag.<\/strong><\/p>\n<p style=\"text-align: center;\"><strong>08.11.2014 Hubertusball wir haben den Ausschank gemacht, es war ein sehr gelungenere Abend.<\/strong><\/p>\n<p style=\"text-align: center;\"><strong>14.11.2014 Der Kompaniebeitrag wurde von 36,-\u20ac auf 60,-\u20ac angehoben.<\/strong><\/p>\n<p style=\"text-align: center;\"><a href=\"https:\/\/hubertus-kompanie-zons.de\/?page_id=6308\">zum Seiten Anfang<\/a><\/p>\n<p align=\"center\">&nbsp;<a href=\"https:\/\/hubertus-kompanie-zons.de\/wp-content\/uploads\/Die%20Chronik%20der%20Hubertuskompanie%20von%202011%20bis%202014.pdf\" target=\"_blank\" rel=\"noopener noreferrer\">PDF-Datei<\/a><\/p>\n<p align=\"center\"><strong>&nbsp;<\/strong><\/p>\n<p style=\"text-align: center;\">&nbsp;<\/p>\n","protected":false},"excerpt":{"rendered":"<p>Chronik als PDF. Datei 2011 Am 17.04.2011 nahmen wir am 60. Rheinischen Sch\u00fctzentag in Dormagen teil. Es waren etwa 3000 Sch\u00fctzen beim Umzug dabei. Es traten in diesem Jahr Ekkehard Sattler und Hans Theo Tolles unserer Kompanie bei, da sich Ihre Alte Kompanie ( Zonser Sondermischung) auf gel\u00f6st hatte.&nbsp; Sch\u00fctzenfest 2011 Montags um 12:45 haben &hellip; <a href=\"https:\/\/hubertus-kompanie-zons.de\/?page_id=6308\" class=\"more-link\"><span class=\"screen-reader-text\">2011 &#8211; 2014<\/span> weiterlesen <span class=\"meta-nav\">&rarr;<\/span><\/a><\/p>\n","protected":false},"author":1,"featured_media":0,"parent":20,"menu_order":4,"comment_status":"closed","ping_status":"open","template":"","meta":{"ngg_post_thumbnail":0,"footnotes":""},"class_list":["post-6308","page","type-page","status-publish","hentry"],"_links":{"self":[{"href":"https:\/\/hubertus-kompanie-zons.de\/index.php?rest_route=\/wp\/v2\/pages\/6308","targetHints":{"allow":["GET"]}}],"collection":[{"href":"https:\/\/hubertus-kompanie-zons.de\/index.php?rest_route=\/wp\/v2\/pages"}],"about":[{"href":"https:\/\/hubertus-kompanie-zons.de\/index.php?rest_route=\/wp\/v2\/types\/page"}],"author":[{"embeddable":true,"href":"https:\/\/hubertus-kompanie-zons.de\/index.php?rest_route=\/wp\/v2\/users\/1"}],"replies":[{"embeddable":true,"href":"https:\/\/hubertus-kompanie-zons.de\/index.php?rest_route=%2Fwp%2Fv2%2Fcomments&post=6308"}],"version-history":[{"count":22,"href":"https:\/\/hubertus-kompanie-zons.de\/index.php?rest_route=\/wp\/v2\/pages\/6308\/revisions"}],"predecessor-version":[{"id":13924,"href":"https:\/\/hubertus-kompanie-zons.de\/index.php?rest_route=\/wp\/v2\/pages\/6308\/revisions\/13924"}],"up":[{"embeddable":true,"href":"https:\/\/hubertus-kompanie-zons.de\/index.php?rest_route=\/wp\/v2\/pages\/20"}],"wp:attachment":[{"href":"https:\/\/hubertus-kompanie-zons.de\/index.php?rest_route=%2Fwp%2Fv2%2Fmedia&parent=6308"}],"curies":[{"name":"wp","href":"https:\/\/api.w.org\/{rel}","templated":true}]}}