{"id":6325,"date":"2012-07-11T12:55:35","date_gmt":"2012-07-11T10:55:35","guid":{"rendered":"http:\/\/hubertus-kompanie-zons.de\/?page_id=6325"},"modified":"2022-09-17T11:05:43","modified_gmt":"2022-09-17T09:05:43","slug":"1899-1959","status":"publish","type":"page","link":"https:\/\/hubertus-kompanie-zons.de\/?page_id=6325","title":{"rendered":"1898 -1959"},"content":{"rendered":"<p align=\"center\"><strong><span style=\"color: #000000;\"><a href=\"https:\/\/hubertus-kompanie-zons.de\/?page_id=6325\"><span style=\"color: #000000;\">Chronik von 1898 bis 1960<\/span><\/a><\/span><\/strong><\/p>\n<p align=\"center\"><a href=\"https:\/\/hubertus-kompanie-zons.de\/wp-content\/uploads\/Die%20Chronik%20der%20Hubertuskompanie%20von%201898%20bis%201959.pdf\" target=\"_blank\" rel=\"noopener noreferrer\"><strong>Chronik als PDF. Datei<\/strong><\/a><\/p>\n<p align=\"center\"><strong>Die Chronik der Hubertuskompanie von 1898 \u2013 Zons<\/strong><b>&nbsp;<\/b><\/p>\n<p align=\"center\"><strong>Gegr\u00fcndet wurde die Kompanie im Jahr 1898 aus der Kompanie wurde am 03. November 1898 die St. Hubertus Sch\u00fctzengesellschaft (siehe Dokumente) <\/strong><\/p>\n<table style=\"width: 400px;\" cellspacing=\"0\" cellpadding=\"0\" border=\"1\">\n<tbody>\n<tr>\n<td width=\"310\" valign=\"top\">\n<p align=\"center\"><a href=\"https:\/\/hubertus-kompanie-zons.de\/wp-content\/uploads\/2012\/07\/1898-11.jpg\" target=\"_blank\" rel=\"noopener noreferrer\"><img loading=\"lazy\" decoding=\"async\" class=\"alignnone wp-image-9216 size-thumbnail\" src=\"https:\/\/hubertus-kompanie-zons.de\/wp-content\/uploads\/2012\/07\/1898-11-150x150.jpg\" alt=\"1898-1\" width=\"150\" height=\"150\"\/><\/a><\/p>\n<p align=\"center\"><strong>Protokoll vom 03.11.1898<\/strong><\/p>\n<p align=\"center\"><a href=\"https:\/\/hubertus-kompanie-zons.de\/wp-content\/uploads\/Protokoll%20von%201898.pdf\" target=\"_blank\" rel=\"noopener\">Protokoll<\/a><\/p>\n<\/td>\n<td width=\"311\" valign=\"top\">\n<p align=\"center\"><a href=\"https:\/\/hubertus-kompanie-zons.de\/wp-content\/uploads\/2012\/07\/1898-21.jpg\" target=\"_blank\" rel=\"noopener noreferrer\"><img loading=\"lazy\" decoding=\"async\" class=\"alignnone wp-image-9217 size-thumbnail\" src=\"https:\/\/hubertus-kompanie-zons.de\/wp-content\/uploads\/2012\/07\/1898-21-150x150.jpg\" alt=\"1898-2\" width=\"150\" height=\"150\"\/><\/a><\/p>\n<p align=\"center\"><strong>Protokoll vom 11.12.1898<\/strong><\/p>\n<\/td>\n<\/tr>\n<\/tbody>\n<\/table>\n<p><strong>&nbsp;<\/strong><\/p>\n<p align=\"center\"><strong>1899-1900<\/strong><\/p>\n<p align=\"center\"><strong>Unserer erster Sch\u00fctzenk\u00f6nig wurde Johann Vianden, der auch gleichzeitig der erste Sch\u00fctzenk\u00f6nig vom Verein war. (siehe Dokument<\/strong><\/p>\n<p style=\"text-align: center;\" align=\"center\"><a href=\"https:\/\/hubertus-kompanie-zons.de\/wp-content\/uploads\/2012\/07\/1898-31.jpg\" target=\"_blank\" rel=\"noopener noreferrer\"><img loading=\"lazy\" decoding=\"async\" class=\"alignnone wp-image-9220 size-thumbnail\" src=\"https:\/\/hubertus-kompanie-zons.de\/wp-content\/uploads\/2012\/07\/1898-31-150x150.jpg\" alt=\"1898-3\" width=\"150\" height=\"150\"\/><\/a><\/p>\n<p align=\"center\"><strong>Protokoll vom 23.07.1899<br \/>\n<\/strong><\/p>\n<p align=\"center\"><strong>1900-1901<\/strong><\/p>\n<p align=\"center\"><strong>Den zweiten Sch\u00fctzenk\u00f6nig stellt auch unsere Kompanie, es war Jakob Eichhorn.<\/strong><\/p>\n<p align=\"center\"><strong>1904<\/strong><\/p>\n<p align=\"center\"><strong>Bis zum Jahr 1904 waren alle Mitglieder der St.Hubertus Sch\u00fctzengesellschaft auch Mitglieder der Hubertuskompanie. Da der Verein eine geringe Mitgliederzahl von etwa 30 Personen. In den ersten Jahren des 20.Jahrhunterts war es ein muss an allen Festz\u00fcgen und Fronleichnamsprozessionen teilzunehmen. F\u00fcr unerlaubtes Fehlen musste man eine Strafe von 50 Pfennig zahlen, was in dieser Zeit viel Geld war.<\/strong><\/p>\n<p align=\"center\"><strong>1926-1927<\/strong><\/p>\n<p align=\"center\"><strong>Nach 26 Jahren stellten wir wieder einen Sch\u00fctzenk\u00f6nig es war Heinrich Ohligschl\u00e4ger.<\/strong><\/p>\n<p align=\"center\"><em><strong>1937<\/strong><\/em><\/p>\n<p style=\"text-align: center;\" align=\"center\"><a href=\"https:\/\/hubertus-kompanie-zons.de\/wp-content\/uploads\/2022\/01\/Kompanie-19371-300x216-1.jpg\"><img loading=\"lazy\" decoding=\"async\" class=\"alignnone size-full wp-image-13908\" src=\"https:\/\/hubertus-kompanie-zons.de\/wp-content\/uploads\/2022\/01\/Kompanie-19371-300x216-1.jpg\" alt=\"\" width=\"300\" height=\"216\"\/><\/a><\/p>\n<p align=\"center\"><strong>1938-1939<\/strong><\/p>\n<p align=\"center\"><strong>12 Jahre sp\u00e4ter wurde Willi Cremer neuer Sch\u00fctzenk\u00f6nig. Er war der F\u00fcnfte K\u00f6nig den wir von unserer Kompanie stellten.<\/strong><\/p>\n<p align=\"center\"><strong>In diesem Jahr feierten Peter Gilgen und Hubert Marx 40 Jahre ununterbrochen Vereins Zugeh\u00f6rigkeit.<\/strong><\/p>\n<p align=\"center\"><strong><a href=\"https:\/\/hubertus-kompanie-zons.de\/wp-content\/uploads\/2022\/01\/Zeitungs-Ausschintt-19391-300x212-1.jpg\"><img loading=\"lazy\" decoding=\"async\" class=\"alignnone size-full wp-image-13910\" src=\"https:\/\/hubertus-kompanie-zons.de\/wp-content\/uploads\/2022\/01\/Zeitungs-Ausschintt-19391-300x212-1.jpg\" alt=\"\" width=\"300\" height=\"212\"\/><\/a>&nbsp;<\/strong><\/p>\n<p align=\"center\"><strong>1948-1949<\/strong><\/p>\n<p align=\"center\"><strong>Nach 10 Jahren stellten wir wieder einen Sch\u00fctzenk\u00f6nig es war Johann Sch\u00f6nen. <\/strong><\/p>\n<p align=\"center\"><!--nextpage--><\/p>\n<p align=\"center\"><strong>1949<\/strong><\/p>\n<p style=\"text-align: center;\" align=\"center\"><a href=\"https:\/\/hubertus-kompanie-zons.de\/wp-content\/uploads\/2022\/01\/Mitgliederliste-19491-672x372-1.jpg\"><img loading=\"lazy\" decoding=\"async\" class=\"alignnone size-medium wp-image-13914\" src=\"https:\/\/hubertus-kompanie-zons.de\/wp-content\/uploads\/2022\/01\/Mitgliederliste-19491-672x372-1-300x166.jpg\" alt=\"\" width=\"300\" height=\"166\" srcset=\"https:\/\/hubertus-kompanie-zons.de\/wp-content\/uploads\/2022\/01\/Mitgliederliste-19491-672x372-1-300x166.jpg 300w, https:\/\/hubertus-kompanie-zons.de\/wp-content\/uploads\/2022\/01\/Mitgliederliste-19491-672x372-1.jpg 672w\" sizes=\"auto, (max-width: 300px) 100vw, 300px\" \/><\/a><\/p>\n<p align=\"center\"><strong>1950-1951<\/strong><\/p>\n<p align=\"center\"><strong>Das K\u00f6nigsvogelschie\u00dfen am Sch\u00fctzenfestmontag war weinig spannend da nur unser&nbsp; Mitglied Hans-Peter Cremer der auch zweiter Brudermeister war antrat. Somit wurde er auch Sch\u00fctzenk\u00f6nig, dar\u00fcber freute er sich so sehr&nbsp; das er den Vereinskameraden nach dem Zug zur Wohnung reichlich Alkohol einschenkte. Was f\u00fcr mansche Sch\u00fctzen verh\u00e4ngnisvoll wurde. Daher entschied der Vorstand kurzerhand, alle Sch\u00fctzen f\u00fcr den Rest des Tages zu entlassen.&nbsp; <\/strong><\/p>\n<table style=\"height: 172px;\" width=\"460\">\n<tbody>\n<tr>\n<td><a href=\"https:\/\/hubertus-kompanie-zons.de\/wp-content\/uploads\/2012\/07\/Protokoll-Schuetzenfest-1951-11.jpg\" target=\"_blank\" rel=\"noopener noreferrer\"><img loading=\"lazy\" decoding=\"async\" class=\"aligncenter wp-image-9228 size-thumbnail\" src=\"https:\/\/hubertus-kompanie-zons.de\/wp-content\/uploads\/2012\/07\/Protokoll-Schuetzenfest-1951-11-150x150.jpg\" alt=\"Protokoll-Schuetzenfest-1951-1\" width=\"150\" height=\"150\"\/><\/a><\/td>\n<td><a href=\"https:\/\/hubertus-kompanie-zons.de\/wp-content\/uploads\/2012\/07\/Protokoll-Schuetzenfest-1951-21.jpg\" target=\"_blank\" rel=\"noopener noreferrer\"><img loading=\"lazy\" decoding=\"async\" class=\"aligncenter wp-image-9229 size-thumbnail\" src=\"https:\/\/hubertus-kompanie-zons.de\/wp-content\/uploads\/2012\/07\/Protokoll-Schuetzenfest-1951-21-150x150.jpg\" alt=\"Protokoll-Schuetzenfest-1951-2\" width=\"150\" height=\"150\"\/><\/a><\/td>\n<td><a href=\"https:\/\/hubertus-kompanie-zons.de\/wp-content\/uploads\/2012\/07\/Protokoll-Schuetzenfest-1951-31.jpg\" target=\"_blank\" rel=\"noopener noreferrer\"><img loading=\"lazy\" decoding=\"async\" class=\"aligncenter wp-image-9230 size-thumbnail\" src=\"https:\/\/hubertus-kompanie-zons.de\/wp-content\/uploads\/2012\/07\/Protokoll-Schuetzenfest-1951-31-150x150.jpg\" alt=\"Protokoll-Schuetzenfest-1951-3\" width=\"150\" height=\"150\"\/><\/a><\/td>\n<\/tr>\n<\/tbody>\n<\/table>\n<p align=\"center\"><a href=\"https:\/\/hubertus-kompanie-zons.de\/wp-content\/uploads\/2012\/07\/Koenig-Peter-Cermer-19511.jpg\" target=\"_blank\" rel=\"noopener noreferrer\"><img loading=\"lazy\" decoding=\"async\" class=\"aligncenter wp-image-9233 size-thumbnail\" src=\"https:\/\/hubertus-kompanie-zons.de\/wp-content\/uploads\/2012\/07\/Koenig-Peter-Cermer-19511-150x150.jpg\" alt=\"Koenig-Peter-Cermer-1951\" width=\"150\" height=\"150\"\/><\/a><strong>1951-1952<\/strong><\/p>\n<p align=\"center\"><strong>Ein Jahr sp\u00e4ter stellt unsere Kompanie wieder den Sch\u00fctzenk\u00f6nig es war Gottfried Boes.<\/strong><\/p>\n<p style=\"text-align: center;\" align=\"center\"><a href=\"https:\/\/hubertus-kompanie-zons.de\/wp-content\/uploads\/2012\/07\/Zeitungs-Artikel-19511.jpg\" target=\"_blank\" rel=\"noopener noreferrer\"><img loading=\"lazy\" decoding=\"async\" class=\"aligncenter wp-image-9234 size-thumbnail\" src=\"https:\/\/hubertus-kompanie-zons.de\/wp-content\/uploads\/2012\/07\/Zeitungs-Artikel-19511-150x150.jpg\" alt=\"Zeitungs-Artikel-1951\" width=\"150\" height=\"150\"\/><\/a><\/p>\n<p align=\"center\"><strong>1952-1953<\/strong><\/p>\n<table style=\"height: 46px;\" width=\"23\">\n<tbody>\n<tr>\n<td style=\"text-align: center;\"><a href=\"https:\/\/hubertus-kompanie-zons.de\/wp-content\/uploads\/2012\/07\/Kompanie-19521.jpg\" target=\"_blank\" rel=\"noopener noreferrer\"><img loading=\"lazy\" decoding=\"async\" class=\"alignleft wp-image-9235 size-thumbnail\" src=\"https:\/\/hubertus-kompanie-zons.de\/wp-content\/uploads\/2012\/07\/Kompanie-19521-150x150.jpg\" alt=\"Kompanie-1952\" width=\"150\" height=\"150\"\/><\/a><\/td>\n<td style=\"text-align: center;\"><a href=\"https:\/\/hubertus-kompanie-zons.de\/wp-content\/uploads\/2012\/07\/Schuetzenfest-19531.jpg\" target=\"_blank\" rel=\"noopener noreferrer\"><img loading=\"lazy\" decoding=\"async\" class=\"aligncenter wp-image-9236 size-thumbnail\" src=\"https:\/\/hubertus-kompanie-zons.de\/wp-content\/uploads\/2012\/07\/Schuetzenfest-19531-150x150.jpg\" alt=\"Schuetzenfest-1953\" width=\"150\" height=\"150\"\/><\/a><\/td>\n<\/tr>\n<\/tbody>\n<\/table>\n<p align=\"center\"><strong>Wir stellen den dritten Sch\u00fctzenk\u00f6nig in Folge, es ist wieder Peter Cremer. Dies f\u00fchrte f\u00fcr einige Verwirrung und zu heftiger Kritik von Seiten einiger Mitglieder, war er doch innerhalb von drei Jahren das zweite mal Sch\u00fctzenk\u00f6nig geworden. Es gab zu diesem Zeitpunkt jedoch diesbez\u00fcglich noch keine schriftlich festgelegte \u201eWartezeit\u201c wie heute &nbsp;(5 Jahre) , weshalb daran formell nichts auszusetzen war. Dennoch entwickelte sich daraus in den folgenden Wochen und Monaten ein nicht unerheblicher Konflikt, der damit endete, das Cremer noch innerhalb seines Regentschaftsjahres aus dem Verein ausschied und daher im n\u00e4chsten Jahr von dem Vorj\u00e4hrigen Sch\u00fctzenk\u00f6nig Gottfried Boes vertreten werden mu\u00dfte. <\/strong><b><\/b><\/p>\n<table style=\"height: 157px;\" width=\"459\">\n<tbody>\n<tr>\n<td><a href=\"https:\/\/hubertus-kompanie-zons.de\/wp-content\/uploads\/2012\/07\/19521.jpg\" target=\"_blank\" rel=\"noopener noreferrer\"><img loading=\"lazy\" decoding=\"async\" class=\"alignnone wp-image-9241 size-thumbnail\" src=\"https:\/\/hubertus-kompanie-zons.de\/wp-content\/uploads\/2012\/07\/19521-150x150.jpg\" alt=\"1952\" width=\"150\" height=\"150\"\/><\/a><\/td>\n<td><a href=\"https:\/\/hubertus-kompanie-zons.de\/wp-content\/uploads\/2012\/07\/1952-11.jpg\" target=\"_blank\" rel=\"noopener noreferrer\"><img loading=\"lazy\" decoding=\"async\" class=\"alignnone wp-image-9242 size-thumbnail\" src=\"https:\/\/hubertus-kompanie-zons.de\/wp-content\/uploads\/2012\/07\/1952-11-150x150.jpg\" alt=\"1952-1\" width=\"150\" height=\"150\"\/><\/a><\/td>\n<td><a href=\"https:\/\/hubertus-kompanie-zons.de\/wp-content\/uploads\/2012\/07\/1952-21.jpg\" target=\"_blank\" rel=\"noopener noreferrer\"><img loading=\"lazy\" decoding=\"async\" class=\"alignnone wp-image-9243 size-thumbnail\" src=\"https:\/\/hubertus-kompanie-zons.de\/wp-content\/uploads\/2012\/07\/1952-21-150x150.jpg\" alt=\"1952-2\" width=\"150\" height=\"150\"\/><\/a><\/td>\n<\/tr>\n<\/tbody>\n<\/table>\n<p align=\"center\">&nbsp;<strong>1954-1955<\/strong><\/p>\n<p align=\"center\"><b>Zwei Jahre sp\u00e4ter wurde unser Mitglied Nikolaus Sch\u00f6nen neuer Sch\u00fctzenk\u00f6nig in Zons.<\/b><\/p>\n<table style=\"width: 460px;\">\n<tbody>\n<tr>\n<td><a href=\"https:\/\/hubertus-kompanie-zons.de\/wp-content\/uploads\/2012\/07\/19541.jpg\" target=\"_blank\" rel=\"noopener noreferrer\"><img loading=\"lazy\" decoding=\"async\" class=\"alignnone wp-image-9245 size-thumbnail\" src=\"https:\/\/hubertus-kompanie-zons.de\/wp-content\/uploads\/2012\/07\/19541-150x150.jpg\" alt=\"1954\" width=\"150\" height=\"150\"\/><\/a><\/td>\n<td><a href=\"https:\/\/hubertus-kompanie-zons.de\/wp-content\/uploads\/2012\/07\/Rheinischer-Anzeiger1954-51.jpg\" target=\"_blank\" rel=\"noopener noreferrer\"><img loading=\"lazy\" decoding=\"async\" class=\"alignnone wp-image-9246 size-thumbnail\" src=\"https:\/\/hubertus-kompanie-zons.de\/wp-content\/uploads\/2012\/07\/Rheinischer-Anzeiger1954-51-150x150.jpg\" alt=\"Rheinischer-Anzeiger1954-5\" width=\"150\" height=\"150\"\/><\/a><\/td>\n<td><a href=\"https:\/\/hubertus-kompanie-zons.de\/wp-content\/uploads\/2012\/07\/Protokoll-von19541.jpg\" target=\"_blank\" rel=\"noopener noreferrer\"><img loading=\"lazy\" decoding=\"async\" class=\"alignnone wp-image-9247 size-thumbnail\" src=\"https:\/\/hubertus-kompanie-zons.de\/wp-content\/uploads\/2012\/07\/Protokoll-von19541-150x150.jpg\" alt=\"Protokoll-von1954\" width=\"150\" height=\"150\"\/><\/a><\/td>\n<\/tr>\n<tr>\n<td><a href=\"https:\/\/hubertus-kompanie-zons.de\/wp-content\/uploads\/2012\/07\/Protokoll-von1954-11.jpg\" target=\"_blank\" rel=\"noopener noreferrer\"><img loading=\"lazy\" decoding=\"async\" class=\"alignnone wp-image-9248 size-thumbnail\" src=\"https:\/\/hubertus-kompanie-zons.de\/wp-content\/uploads\/2012\/07\/Protokoll-von1954-11-150x150.jpg\" alt=\"Protokoll-von1954-1\" width=\"150\" height=\"150\"\/><\/a><\/td>\n<td><a href=\"https:\/\/hubertus-kompanie-zons.de\/wp-content\/uploads\/2012\/07\/Protokoll-von1954-21.jpg\" target=\"_blank\" rel=\"noopener noreferrer\"><img loading=\"lazy\" decoding=\"async\" class=\"alignnone wp-image-9249 size-thumbnail\" src=\"https:\/\/hubertus-kompanie-zons.de\/wp-content\/uploads\/2012\/07\/Protokoll-von1954-21-150x150.jpg\" alt=\"Protokoll-von1954-2\" width=\"150\" height=\"150\"\/><\/a><\/td>\n<td><a href=\"https:\/\/hubertus-kompanie-zons.de\/wp-content\/uploads\/2012\/07\/Protokoll-von1954-31.jpg\" target=\"_blank\" rel=\"noopener noreferrer\"><img loading=\"lazy\" decoding=\"async\" class=\"alignnone wp-image-9250 size-thumbnail\" src=\"https:\/\/hubertus-kompanie-zons.de\/wp-content\/uploads\/2012\/07\/Protokoll-von1954-31-150x150.jpg\" alt=\"Protokoll-von1954-3\" width=\"150\" height=\"150\"\/><\/a><\/td>\n<\/tr>\n<tr>\n<td><a href=\"https:\/\/hubertus-kompanie-zons.de\/wp-content\/uploads\/2012\/07\/Protokoll-von1954-41.jpg\" target=\"_blank\" rel=\"noopener noreferrer\"><img loading=\"lazy\" decoding=\"async\" class=\"alignnone wp-image-9251 size-thumbnail\" src=\"https:\/\/hubertus-kompanie-zons.de\/wp-content\/uploads\/2012\/07\/Protokoll-von1954-41-150x150.jpg\" alt=\"Protokoll-von1954-4\" width=\"150\" height=\"150\"\/><\/a><\/td>\n<td><a href=\"https:\/\/hubertus-kompanie-zons.de\/wp-content\/uploads\/2012\/07\/Rheinischer-Anzeiger1954-61.jpg\" target=\"_blank\" rel=\"noopener noreferrer\"><img loading=\"lazy\" decoding=\"async\" class=\"alignnone wp-image-9252 size-thumbnail\" src=\"https:\/\/hubertus-kompanie-zons.de\/wp-content\/uploads\/2012\/07\/Rheinischer-Anzeiger1954-61-150x150.jpg\" alt=\"Rheinischer-Anzeiger1954-6\" width=\"150\" height=\"150\"\/><\/a><\/td>\n<td><a href=\"https:\/\/hubertus-kompanie-zons.de\/wp-content\/uploads\/2012\/07\/1954-Schoenen1.jpg\" target=\"_blank\" rel=\"noopener noreferrer\"><img loading=\"lazy\" decoding=\"async\" class=\"alignnone wp-image-9253 size-thumbnail\" src=\"https:\/\/hubertus-kompanie-zons.de\/wp-content\/uploads\/2012\/07\/1954-Schoenen1-150x150.jpg\" alt=\"1954-Schoenen\" width=\"150\" height=\"150\"\/><\/a><\/td>\n<\/tr>\n<\/tbody>\n<\/table>\n<p style=\"text-align: center;\"><strong>1958<\/strong><\/p>\n<p style=\"text-align: center;\"><strong>60 Jahre Zonser Sch\u00fctzen und Hubertuskompanie<\/strong><\/p>\n<p align=\"center\"><a href=\"https:\/\/hubertus-kompanie-zons.de\/wp-content\/uploads\/2012\/07\/60-Jahre-Schuetzen-19581.jpg\" target=\"_blank\" rel=\"noopener noreferrer\"><img loading=\"lazy\" decoding=\"async\" class=\"aligncenter wp-image-9254 size-thumbnail\" src=\"https:\/\/hubertus-kompanie-zons.de\/wp-content\/uploads\/2012\/07\/60-Jahre-Schuetzen-19581-150x150.jpg\" alt=\"60-Jahre-Schuetzen-1958\" width=\"150\" height=\"150\"\/><\/a><b>1959-1960<br \/>\n<\/b><\/p>\n<p align=\"center\"><b>Nach f\u00fcnf Jahren stellen wir den zehnten Sch\u00fctzenk\u00f6nig des Vereins. Es war Bruno Sibiak, er sollte auch lange Zeit der letzte K\u00f6nig sein von unserer Kompanie.<\/b><\/p>\n<p align=\"center\"><strong>Dieses Schie\u00dfen ging auch in die Geschichte ein. Das schie\u00dfen gestaltete sich schwierig: &#8220; Weil der Vogel nicht fallen wollte&#8220;, mu\u00dfte das Schie\u00dfen f\u00fcr zwei Stunden unterbrochen werden.<\/strong><\/p>\n<table style=\"width: 460px;\">\n<tbody>\n<tr>\n<td><a href=\"https:\/\/hubertus-kompanie-zons.de\/wp-content\/uploads\/2012\/07\/Schuetzenfest-1959-11.jpg\" target=\"_blank\" rel=\"noopener noreferrer\"><img loading=\"lazy\" decoding=\"async\" class=\"alignnone wp-image-9255 size-thumbnail\" src=\"https:\/\/hubertus-kompanie-zons.de\/wp-content\/uploads\/2012\/07\/Schuetzenfest-1959-11-150x150.jpg\" alt=\"Schuetzenfest-1959-1\" width=\"150\" height=\"150\"\/><\/a><\/td>\n<td><a href=\"https:\/\/hubertus-kompanie-zons.de\/wp-content\/uploads\/2012\/07\/Schuetzenfest-1959-21.jpg\" target=\"_blank\" rel=\"noopener noreferrer\"><img loading=\"lazy\" decoding=\"async\" class=\"alignnone wp-image-9256 size-thumbnail\" src=\"https:\/\/hubertus-kompanie-zons.de\/wp-content\/uploads\/2012\/07\/Schuetzenfest-1959-21-150x150.jpg\" alt=\"Schuetzenfest-1959-2\" width=\"150\" height=\"150\"\/><\/a><\/td>\n<td><a href=\"https:\/\/hubertus-kompanie-zons.de\/wp-content\/uploads\/2012\/07\/Schuetzenfest-1959-31.jpg\" target=\"_blank\" rel=\"noopener noreferrer\"><img loading=\"lazy\" decoding=\"async\" class=\"alignnone wp-image-9257 size-thumbnail\" src=\"https:\/\/hubertus-kompanie-zons.de\/wp-content\/uploads\/2012\/07\/Schuetzenfest-1959-31-150x150.jpg\" alt=\"Schuetzenfest-1959-3\" width=\"150\" height=\"150\"\/><\/a><\/td>\n<\/tr>\n<\/tbody>\n<\/table>\n<p align=\"center\"><a href=\"https:\/\/hubertus-kompanie-zons.de\/?page_id=6325\">&nbsp;nach oben<\/a><\/p>\n","protected":false},"excerpt":{"rendered":"<p>Chronik von 1898 bis 1960 Chronik als PDF. Datei Die Chronik der Hubertuskompanie von 1898 \u2013 Zons&nbsp; Gegr\u00fcndet wurde die Kompanie im Jahr 1898 aus der Kompanie wurde am 03. November 1898 die St. Hubertus Sch\u00fctzengesellschaft (siehe Dokumente) Protokoll vom 03.11.1898 Protokoll Protokoll vom 11.12.1898 &nbsp; 1899-1900 Unserer erster Sch\u00fctzenk\u00f6nig wurde Johann Vianden, der auch &hellip; <a href=\"https:\/\/hubertus-kompanie-zons.de\/?page_id=6325\" class=\"more-link\"><span class=\"screen-reader-text\">1898 -1959<\/span> weiterlesen <span class=\"meta-nav\">&rarr;<\/span><\/a><\/p>\n","protected":false},"author":1,"featured_media":0,"parent":20,"menu_order":1,"comment_status":"closed","ping_status":"open","template":"","meta":{"ngg_post_thumbnail":0,"footnotes":""},"class_list":["post-6325","page","type-page","status-publish","hentry"],"_links":{"self":[{"href":"https:\/\/hubertus-kompanie-zons.de\/index.php?rest_route=\/wp\/v2\/pages\/6325","targetHints":{"allow":["GET"]}}],"collection":[{"href":"https:\/\/hubertus-kompanie-zons.de\/index.php?rest_route=\/wp\/v2\/pages"}],"about":[{"href":"https:\/\/hubertus-kompanie-zons.de\/index.php?rest_route=\/wp\/v2\/types\/page"}],"author":[{"embeddable":true,"href":"https:\/\/hubertus-kompanie-zons.de\/index.php?rest_route=\/wp\/v2\/users\/1"}],"replies":[{"embeddable":true,"href":"https:\/\/hubertus-kompanie-zons.de\/index.php?rest_route=%2Fwp%2Fv2%2Fcomments&post=6325"}],"version-history":[{"count":39,"href":"https:\/\/hubertus-kompanie-zons.de\/index.php?rest_route=\/wp\/v2\/pages\/6325\/revisions"}],"predecessor-version":[{"id":14972,"href":"https:\/\/hubertus-kompanie-zons.de\/index.php?rest_route=\/wp\/v2\/pages\/6325\/revisions\/14972"}],"up":[{"embeddable":true,"href":"https:\/\/hubertus-kompanie-zons.de\/index.php?rest_route=\/wp\/v2\/pages\/20"}],"wp:attachment":[{"href":"https:\/\/hubertus-kompanie-zons.de\/index.php?rest_route=%2Fwp%2Fv2%2Fmedia&parent=6325"}],"curies":[{"name":"wp","href":"https:\/\/api.w.org\/{rel}","templated":true}]}}