{"id":9946,"date":"2016-05-29T17:18:03","date_gmt":"2016-05-29T15:18:03","guid":{"rendered":"http:\/\/hubertus-kompanie-zons.de\/?page_id=9946"},"modified":"2023-05-22T10:40:23","modified_gmt":"2023-05-22T08:40:23","slug":"bilder-2016","status":"publish","type":"page","link":"https:\/\/hubertus-kompanie-zons.de\/?page_id=9946","title":{"rendered":"Bilder 2016- 2017"},"content":{"rendered":"<p style=\"text-align: center;\"><span style=\"font-size: 14px; font-family: arial, helvetica, sans-serif;\">Ausschank 2016<\/span><\/p>\nngg_shortcode_0_placeholder\n<p style=\"text-align: center;\"><span style=\"font-family: arial, helvetica, sans-serif; font-size: 14px;\">Hubertusschie\u00dfen 2016<\/span><\/p>\nngg_shortcode_1_placeholder\n<p style=\"text-align: center;\"><span style=\"font-size: 14px; font-family: arial, helvetica, sans-serif;\">Oberstehrenabend 2016<\/span><\/p>\nngg_shortcode_2_placeholder\n<p style=\"text-align: center;\"><span style=\"font-family: arial, helvetica, sans-serif; font-size: 14px;\">Hochstandschie\u00dfen 2016<\/span><\/p>\nngg_shortcode_3_placeholder\n<p style=\"text-align: center;\"><span style=\"font-family: arial, helvetica, sans-serif; font-size: 14px;\">Hubertusball 2016<\/span><\/p>\nngg_shortcode_4_placeholder\n<p style=\"text-align: center;\"><span style=\"font-size: 14px; font-family: arial, helvetica, sans-serif;\">Abteilungsschie\u00dfen 2017<\/span><\/p>\nngg_shortcode_5_placeholder\n<p style=\"text-align: center;\"><span style=\"font-size: 14px; font-family: arial, helvetica, sans-serif;\">150 Jahre BSV Dormagen<\/span><\/p>\nngg_shortcode_6_placeholder\n<p style=\"text-align: center;\"><span style=\"font-size: 14px; font-family: arial, helvetica, sans-serif;\">Hochstandschie\u00dfen 2017<\/span><\/p>\nngg_shortcode_7_placeholder\n<p style=\"text-align: center;\"><span style=\"font-size: 14px; font-family: arial, helvetica, sans-serif;\">Bilder 31.12.2017<\/span><\/p>\nngg_shortcode_8_placeholder\n<p>&nbsp;<\/p>\n","protected":false},"excerpt":{"rendered":"<p>Ausschank 2016 Hubertusschie\u00dfen 2016 Oberstehrenabend 2016 Hochstandschie\u00dfen 2016 Hubertusball 2016 Abteilungsschie\u00dfen 2017 150 Jahre BSV Dormagen Hochstandschie\u00dfen 2017 Bilder 31.12.2017 &nbsp; &nbsp;<\/p>\n","protected":false},"author":1,"featured_media":0,"parent":3134,"menu_order":9,"comment_status":"closed","ping_status":"closed","template":"","meta":{"ngg_post_thumbnail":0,"footnotes":""},"class_list":["post-9946","page","type-page","status-publish","hentry"],"_links":{"self":[{"href":"https:\/\/hubertus-kompanie-zons.de\/index.php?rest_route=\/wp\/v2\/pages\/9946","targetHints":{"allow":["GET"]}}],"collection":[{"href":"https:\/\/hubertus-kompanie-zons.de\/index.php?rest_route=\/wp\/v2\/pages"}],"about":[{"href":"https:\/\/hubertus-kompanie-zons.de\/index.php?rest_route=\/wp\/v2\/types\/page"}],"author":[{"embeddable":true,"href":"https:\/\/hubertus-kompanie-zons.de\/index.php?rest_route=\/wp\/v2\/users\/1"}],"replies":[{"embeddable":true,"href":"https:\/\/hubertus-kompanie-zons.de\/index.php?rest_route=%2Fwp%2Fv2%2Fcomments&post=9946"}],"version-history":[{"count":7,"href":"https:\/\/hubertus-kompanie-zons.de\/index.php?rest_route=\/wp\/v2\/pages\/9946\/revisions"}],"predecessor-version":[{"id":15366,"href":"https:\/\/hubertus-kompanie-zons.de\/index.php?rest_route=\/wp\/v2\/pages\/9946\/revisions\/15366"}],"up":[{"embeddable":true,"href":"https:\/\/hubertus-kompanie-zons.de\/index.php?rest_route=\/wp\/v2\/pages\/3134"}],"wp:attachment":[{"href":"https:\/\/hubertus-kompanie-zons.de\/index.php?rest_route=%2Fwp%2Fv2%2Fmedia&parent=9946"}],"curies":[{"name":"wp","href":"https:\/\/api.w.org\/{rel}","templated":true}]}}